{"id":3580,"date":"2023-01-10T16:12:36","date_gmt":"2023-01-10T15:12:36","guid":{"rendered":"https:\/\/ametllesmarti.com\/tienda2\/almendra-comun-repelada\/"},"modified":"2023-04-24T17:18:51","modified_gmt":"2023-04-24T16:18:51","slug":"ametlla-comuna-repelada","status":"publish","type":"product","link":"https:\/\/almendrasmarti.com\/ca\/tienda\/ametlla-comuna-repelada\/","title":{"rendered":"Ametlla comuna repelada"},"content":{"rendered":"<p>Ametlla crua comuna repelada per fer servir en l&#8217;\u00e0mbit de cuina, tant en receptes dolces o salades, tant per a rebosteria, per fregir o picar entre hores.<\/p>\n<p>Aquest ingredient es fa servir principalment com a ingredient per elaborar pastissos, en xocolata, gelats, salses i molts m\u00e9s plats.<\/p>\n<p>L&#8217;ametlla crua comuna repelada ajuda a reduir els nivells de colesterol, millora la salut digestiva, redueix els nivells de sucre a la sang, posseeix alts nivells d&#8217;antioxidants, aporta beneficis a nivell cognitiu, millora la salut dels nostres ossos i ajuda a mantenir el pes .<\/p>\n<p>\u00c9s un producte ideal per a persones que volen cuidar la salut, practiquen esport, pateixen diabetis, pateixen decolesterol i altres malalties cardiovasculars.<\/p>\n<p>Es pot incloure en qualsevol dieta, des d&#8217;amanides, en plats de carns vermelles i blanques, en postres i gelats, o fins on arribi la teva imaginaci\u00f3 culin\u00e0ria, segur que li donar\u00e0 un toc cruixent.<\/p>\n<p>Ametlla comuna repelada composta 100% a base d&#8217;ametlles naturals. Aquest producte ecol\u00f2gic elaborat amb el m\u00e0xim control de qualitat inclou:<\/p>\n<ul>\n<li>Ametlles processades de forma artesanal<\/li>\n<li>Ajuda a mantenir nivells saludables de pressi\u00f3 arterial<\/li>\n<li>Contribueix a diverses malalties, cardiovasculars, diabetis, c\u00e0ncer, malalties inflamat\u00f2ries de les articulacions, entre d&#8217;altres.<\/li>\n<li>Aliment ric en fibra, prote\u00efnes, vitamina E, greixos saludables, magnesi i molts nutrients importants.<\/li>\n<li>Ajuda per a la p\u00e8rdua de pes<\/li>\n<li><span class=\"a-list-item\">Adequat per a dietes vegetarianes i veganes<\/span><\/li>\n<\/ul>\n","protected":false},"excerpt":{"rendered":"<p>Ametlla crua comuna repelada per fer servir en l&#8217;\u00e0mbit de [&hellip;]<\/p>\n","protected":false},"featured_media":2540,"template":"","meta":[],"product_cat":[54],"product_tag":[],"class_list":{"0":"post-3580","1":"product","2":"type-product","3":"status-publish","4":"has-post-thumbnail","6":"product_cat-sin-categorizar-ca","8":"first","9":"instock","10":"featured","11":"taxable","12":"shipping-taxable","13":"purchasable","14":"product-type-variable"},"yoast_head":"<!-- This site is optimized with the Yoast SEO plugin v19.12 - https:\/\/yoast.com\/wordpress\/plugins\/seo\/ -->\n<title>Ametlla comuna repelada - Almendras Mart\u00ed<\/title>\n<meta name=\"description\" content=\"Botiga online on podreu comprar Ametlla Comuna Repelada. Producte 100% natural. Pots comprar lots de 1kg, 5kg, 10kg i fins a 25kg.\" \/>\n<meta name=\"robots\" content=\"index, follow, max-snippet:-1, max-image-preview:large, max-video-preview:-1\" \/>\n<link rel=\"canonical\" href=\"https:\/\/almendrasmarti.com\/ca\/tienda\/ametlla-comuna-repelada\/\" \/>\n<meta property=\"og:locale\" content=\"ca_ES\" \/>\n<meta property=\"og:type\" content=\"article\" \/>\n<meta property=\"og:title\" content=\"Ametlla comuna repelada - Almendras Mart\u00ed\" \/>\n<meta property=\"og:description\" content=\"Botiga online on podreu comprar Ametlla Comuna Repelada. Producte 100% natural. Pots comprar lots de 1kg, 5kg, 10kg i fins a 25kg.\" \/>\n<meta property=\"og:url\" content=\"https:\/\/almendrasmarti.com\/ca\/tienda\/ametlla-comuna-repelada\/\" \/>\n<meta property=\"og:site_name\" content=\"Almendras Mart\u00ed\" \/>\n<meta property=\"article:modified_time\" content=\"2023-04-24T16:18:51+00:00\" \/>\n<meta property=\"og:image\" content=\"https:\/\/almendrasmarti.com\/wp-content\/uploads\/2022\/11\/Ametlla-Comu_2.jpg\" \/>\n\t<meta property=\"og:image:width\" content=\"2423\" \/>\n\t<meta property=\"og:image:height\" content=\"2423\" \/>\n\t<meta property=\"og:image:type\" content=\"image\/jpeg\" \/>\n<meta name=\"twitter:card\" content=\"summary_large_image\" \/>\n<meta name=\"twitter:label1\" content=\"Temps estimat de lectura\" \/>\n\t<meta name=\"twitter:data1\" content=\"2 minuts\" \/>\n<script type=\"application\/ld+json\" class=\"yoast-schema-graph\">{\"@context\":\"https:\/\/schema.org\",\"@graph\":[{\"@type\":\"WebPage\",\"@id\":\"https:\/\/almendrasmarti.com\/ca\/tienda\/ametlla-comuna-repelada\/\",\"url\":\"https:\/\/almendrasmarti.com\/ca\/tienda\/ametlla-comuna-repelada\/\",\"name\":\"Ametlla comuna repelada - Almendras Mart\u00ed\",\"isPartOf\":{\"@id\":\"https:\/\/almendrasmarti.com\/#website\"},\"datePublished\":\"2023-01-10T15:12:36+00:00\",\"dateModified\":\"2023-04-24T16:18:51+00:00\",\"description\":\"Botiga online on podreu comprar Ametlla Comuna Repelada. Producte 100% natural. Pots comprar lots de 1kg, 5kg, 10kg i fins a 25kg.\",\"breadcrumb\":{\"@id\":\"https:\/\/almendrasmarti.com\/ca\/tienda\/ametlla-comuna-repelada\/#breadcrumb\"},\"inLanguage\":\"ca\",\"potentialAction\":[{\"@type\":\"ReadAction\",\"target\":[\"https:\/\/almendrasmarti.com\/ca\/tienda\/ametlla-comuna-repelada\/\"]}]},{\"@type\":\"BreadcrumbList\",\"@id\":\"https:\/\/almendrasmarti.com\/ca\/tienda\/ametlla-comuna-repelada\/#breadcrumb\",\"itemListElement\":[{\"@type\":\"ListItem\",\"position\":1,\"name\":\"Portada\",\"item\":\"https:\/\/almendrasmarti.com\/ca\/\"},{\"@type\":\"ListItem\",\"position\":2,\"name\":\"Tienda vella 0\",\"item\":\"https:\/\/almendrasmarti.com\/tienda-vella-0\/\"},{\"@type\":\"ListItem\",\"position\":3,\"name\":\"Ametlla comuna repelada\"}]},{\"@type\":\"WebSite\",\"@id\":\"https:\/\/almendrasmarti.com\/#website\",\"url\":\"https:\/\/almendrasmarti.com\/\",\"name\":\"Almendras Mart\u00ed\",\"description\":\"Health for the World\",\"publisher\":{\"@id\":\"https:\/\/almendrasmarti.com\/#organization\"},\"potentialAction\":[{\"@type\":\"SearchAction\",\"target\":{\"@type\":\"EntryPoint\",\"urlTemplate\":\"https:\/\/almendrasmarti.com\/?s={search_term_string}\"},\"query-input\":\"required name=search_term_string\"}],\"inLanguage\":\"ca\"},{\"@type\":\"Organization\",\"@id\":\"https:\/\/almendrasmarti.com\/#organization\",\"name\":\"Almendras Mart\u00ed\",\"url\":\"https:\/\/almendrasmarti.com\/\",\"logo\":{\"@type\":\"ImageObject\",\"inLanguage\":\"ca\",\"@id\":\"https:\/\/almendrasmarti.com\/#\/schema\/logo\/image\/\",\"url\":\"https:\/\/almendrasmarti.com\/wp-content\/uploads\/2023\/06\/Screenshot_1-removebg-preview.png\",\"contentUrl\":\"https:\/\/almendrasmarti.com\/wp-content\/uploads\/2023\/06\/Screenshot_1-removebg-preview.png\",\"width\":499,\"height\":500,\"caption\":\"Almendras Mart\u00ed\"},\"image\":{\"@id\":\"https:\/\/almendrasmarti.com\/#\/schema\/logo\/image\/\"}}]}<\/script>\n<!-- \/ Yoast SEO plugin. -->","yoast_head_json":{"title":"Ametlla comuna repelada - Almendras Mart\u00ed","description":"Botiga online on podreu comprar Ametlla Comuna Repelada. Producte 100% natural. Pots comprar lots de 1kg, 5kg, 10kg i fins a 25kg.","robots":{"index":"index","follow":"follow","max-snippet":"max-snippet:-1","max-image-preview":"max-image-preview:large","max-video-preview":"max-video-preview:-1"},"canonical":"https:\/\/almendrasmarti.com\/ca\/tienda\/ametlla-comuna-repelada\/","og_locale":"ca_ES","og_type":"article","og_title":"Ametlla comuna repelada - Almendras Mart\u00ed","og_description":"Botiga online on podreu comprar Ametlla Comuna Repelada. Producte 100% natural. Pots comprar lots de 1kg, 5kg, 10kg i fins a 25kg.","og_url":"https:\/\/almendrasmarti.com\/ca\/tienda\/ametlla-comuna-repelada\/","og_site_name":"Almendras Mart\u00ed","article_modified_time":"2023-04-24T16:18:51+00:00","og_image":[{"width":2423,"height":2423,"url":"https:\/\/almendrasmarti.com\/wp-content\/uploads\/2022\/11\/Ametlla-Comu_2.jpg","type":"image\/jpeg"}],"twitter_card":"summary_large_image","twitter_misc":{"Temps estimat de lectura":"2 minuts"},"schema":{"@context":"https:\/\/schema.org","@graph":[{"@type":"WebPage","@id":"https:\/\/almendrasmarti.com\/ca\/tienda\/ametlla-comuna-repelada\/","url":"https:\/\/almendrasmarti.com\/ca\/tienda\/ametlla-comuna-repelada\/","name":"Ametlla comuna repelada - Almendras Mart\u00ed","isPartOf":{"@id":"https:\/\/almendrasmarti.com\/#website"},"datePublished":"2023-01-10T15:12:36+00:00","dateModified":"2023-04-24T16:18:51+00:00","description":"Botiga online on podreu comprar Ametlla Comuna Repelada. Producte 100% natural. Pots comprar lots de 1kg, 5kg, 10kg i fins a 25kg.","breadcrumb":{"@id":"https:\/\/almendrasmarti.com\/ca\/tienda\/ametlla-comuna-repelada\/#breadcrumb"},"inLanguage":"ca","potentialAction":[{"@type":"ReadAction","target":["https:\/\/almendrasmarti.com\/ca\/tienda\/ametlla-comuna-repelada\/"]}]},{"@type":"BreadcrumbList","@id":"https:\/\/almendrasmarti.com\/ca\/tienda\/ametlla-comuna-repelada\/#breadcrumb","itemListElement":[{"@type":"ListItem","position":1,"name":"Portada","item":"https:\/\/almendrasmarti.com\/ca\/"},{"@type":"ListItem","position":2,"name":"Tienda vella 0","item":"https:\/\/almendrasmarti.com\/tienda-vella-0\/"},{"@type":"ListItem","position":3,"name":"Ametlla comuna repelada"}]},{"@type":"WebSite","@id":"https:\/\/almendrasmarti.com\/#website","url":"https:\/\/almendrasmarti.com\/","name":"Almendras Mart\u00ed","description":"Health for the World","publisher":{"@id":"https:\/\/almendrasmarti.com\/#organization"},"potentialAction":[{"@type":"SearchAction","target":{"@type":"EntryPoint","urlTemplate":"https:\/\/almendrasmarti.com\/?s={search_term_string}"},"query-input":"required name=search_term_string"}],"inLanguage":"ca"},{"@type":"Organization","@id":"https:\/\/almendrasmarti.com\/#organization","name":"Almendras Mart\u00ed","url":"https:\/\/almendrasmarti.com\/","logo":{"@type":"ImageObject","inLanguage":"ca","@id":"https:\/\/almendrasmarti.com\/#\/schema\/logo\/image\/","url":"https:\/\/almendrasmarti.com\/wp-content\/uploads\/2023\/06\/Screenshot_1-removebg-preview.png","contentUrl":"https:\/\/almendrasmarti.com\/wp-content\/uploads\/2023\/06\/Screenshot_1-removebg-preview.png","width":499,"height":500,"caption":"Almendras Mart\u00ed"},"image":{"@id":"https:\/\/almendrasmarti.com\/#\/schema\/logo\/image\/"}}]}},"jetpack_sharing_enabled":true,"_links":{"self":[{"href":"https:\/\/almendrasmarti.com\/ca\/wp-json\/wp\/v2\/product\/3580","targetHints":{"allow":["GET"]}}],"collection":[{"href":"https:\/\/almendrasmarti.com\/ca\/wp-json\/wp\/v2\/product"}],"about":[{"href":"https:\/\/almendrasmarti.com\/ca\/wp-json\/wp\/v2\/types\/product"}],"wp:featuredmedia":[{"embeddable":true,"href":"https:\/\/almendrasmarti.com\/ca\/wp-json\/wp\/v2\/media\/2540"}],"wp:attachment":[{"href":"https:\/\/almendrasmarti.com\/ca\/wp-json\/wp\/v2\/media?parent=3580"}],"wp:term":[{"taxonomy":"product_cat","embeddable":true,"href":"https:\/\/almendrasmarti.com\/ca\/wp-json\/wp\/v2\/product_cat?post=3580"},{"taxonomy":"product_tag","embeddable":true,"href":"https:\/\/almendrasmarti.com\/ca\/wp-json\/wp\/v2\/product_tag?post=3580"}],"curies":[{"name":"wp","href":"https:\/\/api.w.org\/{rel}","templated":true}]}}