{"id":3565,"date":"2023-01-10T16:15:28","date_gmt":"2023-01-10T15:15:28","guid":{"rendered":"https:\/\/ametllesmarti.com\/tienda2\/laminas-de-almendra\/"},"modified":"2023-04-24T17:25:16","modified_gmt":"2023-04-24T16:25:16","slug":"lamines-dametlla","status":"publish","type":"product","link":"https:\/\/almendrasmarti.com\/ca\/tienda\/lamines-dametlla\/","title":{"rendered":"L\u00e0mines d&#8217;ametlla"},"content":{"rendered":"<p>Les l\u00e0mines d&#8217;ametlla \u00e9s un ingredient amb gran \u00fas culinari, principalment com a decoraci\u00f3. Per elaborar plats innovadors i interessants, tant dol\u00e7os com salats, tant en postres, pastisseria, brioixeria i rebosteria. Es pot fer servir com a alternativa vegana ja que t\u00e9 un gran efecte saciant amb una gran aportaci\u00f3 de fibra i un alt valor nutricional.<\/p>\n<p>L&#8217;ametlla laminada ajuda a reduir els nivells de colesterol, millora la salut digestiva, redueix els nivells de sucre a la sang, posseeix alts nivells d&#8217;antioxidants, aporta beneficis a nivell cognitiu, millora la salut dels nostres ossos i ajuda a mantenir el pes.<\/p>\n<p>\u00c9s un producte ideal per a persones que volen cuidar la seva salut, practiquin esport, pateixen diabetis, pateixen colesterol i altres malalties cardiovasculars.<\/p>\n<p>Es pot incloure en qualsevol dieta, des d&#8217;amanides, en plats de carns vermelles i blanques, en postres i gelats, o fins on arribi la teva imaginaci\u00f3 culin\u00e0ria, segur que li donar\u00e0 un toc cruixent.<\/p>\n<p>L\u00e0mines d&#8217;ametlla composta 100% a base d&#8217;ametlles naturals laminades. Aquest producte ecol\u00f2gic elaborat amb el m\u00e0xim control de qualitat inclou:<\/p>\n<ul>\n<li>Ametlles processades de forma artesanal.<\/li>\n<li>Ingredient perfecte per decorar, donar sabor i coure.<\/li>\n<li><span class=\"a-list-item\">Alt contingut de fibra i prote\u00efnes.<\/span><\/li>\n<li>Font de greixos monoinsaturats.<\/li>\n<li><span class=\"a-list-item\">Adequat per a dietes vegetarianes i veganes.<\/span><\/li>\n<\/ul>\n","protected":false},"excerpt":{"rendered":"<p>Les l\u00e0mines d&#8217;ametlla \u00e9s un ingredient amb gran \u00fas culinari, [&hellip;]<\/p>\n","protected":false},"featured_media":2566,"template":"","meta":[],"product_cat":[54],"product_tag":[],"class_list":{"0":"post-3565","1":"product","2":"type-product","3":"status-publish","4":"has-post-thumbnail","6":"product_cat-sin-categorizar-ca","8":"first","9":"instock","10":"taxable","11":"shipping-taxable","12":"purchasable","13":"product-type-variable"},"yoast_head":"<!-- This site is optimized with the Yoast SEO plugin v19.12 - https:\/\/yoast.com\/wordpress\/plugins\/seo\/ -->\n<title>L\u00e0mines d&#039;ametlla - Almendras Mart\u00ed<\/title>\n<meta name=\"description\" content=\"Botiga online on podreu comprar L\u00e0mines d&#039;Ametlla. Producte 100% natural. Pots comprar lots de 1kg, 5kg, 10kg i fins a 25kg.\" \/>\n<meta name=\"robots\" content=\"index, follow, max-snippet:-1, max-image-preview:large, max-video-preview:-1\" \/>\n<link rel=\"canonical\" href=\"https:\/\/almendrasmarti.com\/ca\/tienda\/lamines-dametlla\/\" \/>\n<meta property=\"og:locale\" content=\"ca_ES\" \/>\n<meta property=\"og:type\" content=\"article\" \/>\n<meta property=\"og:title\" content=\"L\u00e0mines d&#039;ametlla - Almendras Mart\u00ed\" \/>\n<meta property=\"og:description\" content=\"Botiga online on podreu comprar L\u00e0mines d&#039;Ametlla. Producte 100% natural. Pots comprar lots de 1kg, 5kg, 10kg i fins a 25kg.\" \/>\n<meta property=\"og:url\" content=\"https:\/\/almendrasmarti.com\/ca\/tienda\/lamines-dametlla\/\" \/>\n<meta property=\"og:site_name\" content=\"Almendras Mart\u00ed\" \/>\n<meta property=\"article:modified_time\" content=\"2023-04-24T16:25:16+00:00\" \/>\n<meta property=\"og:image\" content=\"https:\/\/almendrasmarti.com\/wp-content\/uploads\/2022\/11\/Laminas-1246.jpg\" \/>\n\t<meta property=\"og:image:width\" content=\"656\" \/>\n\t<meta property=\"og:image:height\" content=\"656\" \/>\n\t<meta property=\"og:image:type\" content=\"image\/jpeg\" \/>\n<meta name=\"twitter:card\" content=\"summary_large_image\" \/>\n<meta name=\"twitter:label1\" content=\"Temps estimat de lectura\" \/>\n\t<meta name=\"twitter:data1\" content=\"1 minut\" \/>\n<script type=\"application\/ld+json\" class=\"yoast-schema-graph\">{\"@context\":\"https:\/\/schema.org\",\"@graph\":[{\"@type\":\"WebPage\",\"@id\":\"https:\/\/almendrasmarti.com\/ca\/tienda\/lamines-dametlla\/\",\"url\":\"https:\/\/almendrasmarti.com\/ca\/tienda\/lamines-dametlla\/\",\"name\":\"L\u00e0mines d'ametlla - Almendras Mart\u00ed\",\"isPartOf\":{\"@id\":\"https:\/\/almendrasmarti.com\/#website\"},\"datePublished\":\"2023-01-10T15:15:28+00:00\",\"dateModified\":\"2023-04-24T16:25:16+00:00\",\"description\":\"Botiga online on podreu comprar L\u00e0mines d'Ametlla. Producte 100% natural. Pots comprar lots de 1kg, 5kg, 10kg i fins a 25kg.\",\"breadcrumb\":{\"@id\":\"https:\/\/almendrasmarti.com\/ca\/tienda\/lamines-dametlla\/#breadcrumb\"},\"inLanguage\":\"ca\",\"potentialAction\":[{\"@type\":\"ReadAction\",\"target\":[\"https:\/\/almendrasmarti.com\/ca\/tienda\/lamines-dametlla\/\"]}]},{\"@type\":\"BreadcrumbList\",\"@id\":\"https:\/\/almendrasmarti.com\/ca\/tienda\/lamines-dametlla\/#breadcrumb\",\"itemListElement\":[{\"@type\":\"ListItem\",\"position\":1,\"name\":\"Portada\",\"item\":\"https:\/\/almendrasmarti.com\/ca\/\"},{\"@type\":\"ListItem\",\"position\":2,\"name\":\"Tienda vella 0\",\"item\":\"https:\/\/almendrasmarti.com\/tienda-vella-0\/\"},{\"@type\":\"ListItem\",\"position\":3,\"name\":\"L\u00e0mines d&#8217;ametlla\"}]},{\"@type\":\"WebSite\",\"@id\":\"https:\/\/almendrasmarti.com\/#website\",\"url\":\"https:\/\/almendrasmarti.com\/\",\"name\":\"Almendras Mart\u00ed\",\"description\":\"Health for the World\",\"publisher\":{\"@id\":\"https:\/\/almendrasmarti.com\/#organization\"},\"potentialAction\":[{\"@type\":\"SearchAction\",\"target\":{\"@type\":\"EntryPoint\",\"urlTemplate\":\"https:\/\/almendrasmarti.com\/?s={search_term_string}\"},\"query-input\":\"required name=search_term_string\"}],\"inLanguage\":\"ca\"},{\"@type\":\"Organization\",\"@id\":\"https:\/\/almendrasmarti.com\/#organization\",\"name\":\"Almendras Mart\u00ed\",\"url\":\"https:\/\/almendrasmarti.com\/\",\"logo\":{\"@type\":\"ImageObject\",\"inLanguage\":\"ca\",\"@id\":\"https:\/\/almendrasmarti.com\/#\/schema\/logo\/image\/\",\"url\":\"https:\/\/almendrasmarti.com\/wp-content\/uploads\/2023\/06\/Screenshot_1-removebg-preview.png\",\"contentUrl\":\"https:\/\/almendrasmarti.com\/wp-content\/uploads\/2023\/06\/Screenshot_1-removebg-preview.png\",\"width\":499,\"height\":500,\"caption\":\"Almendras Mart\u00ed\"},\"image\":{\"@id\":\"https:\/\/almendrasmarti.com\/#\/schema\/logo\/image\/\"}}]}<\/script>\n<!-- \/ Yoast SEO plugin. -->","yoast_head_json":{"title":"L\u00e0mines d'ametlla - Almendras Mart\u00ed","description":"Botiga online on podreu comprar L\u00e0mines d'Ametlla. Producte 100% natural. Pots comprar lots de 1kg, 5kg, 10kg i fins a 25kg.","robots":{"index":"index","follow":"follow","max-snippet":"max-snippet:-1","max-image-preview":"max-image-preview:large","max-video-preview":"max-video-preview:-1"},"canonical":"https:\/\/almendrasmarti.com\/ca\/tienda\/lamines-dametlla\/","og_locale":"ca_ES","og_type":"article","og_title":"L\u00e0mines d'ametlla - Almendras Mart\u00ed","og_description":"Botiga online on podreu comprar L\u00e0mines d'Ametlla. Producte 100% natural. Pots comprar lots de 1kg, 5kg, 10kg i fins a 25kg.","og_url":"https:\/\/almendrasmarti.com\/ca\/tienda\/lamines-dametlla\/","og_site_name":"Almendras Mart\u00ed","article_modified_time":"2023-04-24T16:25:16+00:00","og_image":[{"width":656,"height":656,"url":"https:\/\/almendrasmarti.com\/wp-content\/uploads\/2022\/11\/Laminas-1246.jpg","type":"image\/jpeg"}],"twitter_card":"summary_large_image","twitter_misc":{"Temps estimat de lectura":"1 minut"},"schema":{"@context":"https:\/\/schema.org","@graph":[{"@type":"WebPage","@id":"https:\/\/almendrasmarti.com\/ca\/tienda\/lamines-dametlla\/","url":"https:\/\/almendrasmarti.com\/ca\/tienda\/lamines-dametlla\/","name":"L\u00e0mines d'ametlla - Almendras Mart\u00ed","isPartOf":{"@id":"https:\/\/almendrasmarti.com\/#website"},"datePublished":"2023-01-10T15:15:28+00:00","dateModified":"2023-04-24T16:25:16+00:00","description":"Botiga online on podreu comprar L\u00e0mines d'Ametlla. Producte 100% natural. Pots comprar lots de 1kg, 5kg, 10kg i fins a 25kg.","breadcrumb":{"@id":"https:\/\/almendrasmarti.com\/ca\/tienda\/lamines-dametlla\/#breadcrumb"},"inLanguage":"ca","potentialAction":[{"@type":"ReadAction","target":["https:\/\/almendrasmarti.com\/ca\/tienda\/lamines-dametlla\/"]}]},{"@type":"BreadcrumbList","@id":"https:\/\/almendrasmarti.com\/ca\/tienda\/lamines-dametlla\/#breadcrumb","itemListElement":[{"@type":"ListItem","position":1,"name":"Portada","item":"https:\/\/almendrasmarti.com\/ca\/"},{"@type":"ListItem","position":2,"name":"Tienda vella 0","item":"https:\/\/almendrasmarti.com\/tienda-vella-0\/"},{"@type":"ListItem","position":3,"name":"L\u00e0mines d&#8217;ametlla"}]},{"@type":"WebSite","@id":"https:\/\/almendrasmarti.com\/#website","url":"https:\/\/almendrasmarti.com\/","name":"Almendras Mart\u00ed","description":"Health for the World","publisher":{"@id":"https:\/\/almendrasmarti.com\/#organization"},"potentialAction":[{"@type":"SearchAction","target":{"@type":"EntryPoint","urlTemplate":"https:\/\/almendrasmarti.com\/?s={search_term_string}"},"query-input":"required name=search_term_string"}],"inLanguage":"ca"},{"@type":"Organization","@id":"https:\/\/almendrasmarti.com\/#organization","name":"Almendras Mart\u00ed","url":"https:\/\/almendrasmarti.com\/","logo":{"@type":"ImageObject","inLanguage":"ca","@id":"https:\/\/almendrasmarti.com\/#\/schema\/logo\/image\/","url":"https:\/\/almendrasmarti.com\/wp-content\/uploads\/2023\/06\/Screenshot_1-removebg-preview.png","contentUrl":"https:\/\/almendrasmarti.com\/wp-content\/uploads\/2023\/06\/Screenshot_1-removebg-preview.png","width":499,"height":500,"caption":"Almendras Mart\u00ed"},"image":{"@id":"https:\/\/almendrasmarti.com\/#\/schema\/logo\/image\/"}}]}},"jetpack_sharing_enabled":true,"_links":{"self":[{"href":"https:\/\/almendrasmarti.com\/ca\/wp-json\/wp\/v2\/product\/3565","targetHints":{"allow":["GET"]}}],"collection":[{"href":"https:\/\/almendrasmarti.com\/ca\/wp-json\/wp\/v2\/product"}],"about":[{"href":"https:\/\/almendrasmarti.com\/ca\/wp-json\/wp\/v2\/types\/product"}],"wp:featuredmedia":[{"embeddable":true,"href":"https:\/\/almendrasmarti.com\/ca\/wp-json\/wp\/v2\/media\/2566"}],"wp:attachment":[{"href":"https:\/\/almendrasmarti.com\/ca\/wp-json\/wp\/v2\/media?parent=3565"}],"wp:term":[{"taxonomy":"product_cat","embeddable":true,"href":"https:\/\/almendrasmarti.com\/ca\/wp-json\/wp\/v2\/product_cat?post=3565"},{"taxonomy":"product_tag","embeddable":true,"href":"https:\/\/almendrasmarti.com\/ca\/wp-json\/wp\/v2\/product_tag?post=3565"}],"curies":[{"name":"wp","href":"https:\/\/api.w.org\/{rel}","templated":true}]}}