{"id":3555,"date":"2023-01-10T16:16:22","date_gmt":"2023-01-10T15:16:22","guid":{"rendered":"https:\/\/ametllesmarti.com\/tienda2\/granillo-de-almendra\/"},"modified":"2023-04-24T15:50:18","modified_gmt":"2023-04-24T14:50:18","slug":"granet-dametlla","status":"publish","type":"product","link":"https:\/\/almendrasmarti.com\/ca\/tienda\/granet-dametlla\/","title":{"rendered":"Granet d&#8217;ametlla"},"content":{"rendered":"<p>L&#8217;ametlla en granet \u00e9s el resultat de picar o trossejar les ametlles un cop pelades, obtenint un gra de mida similar a un gra d&#8217;arr\u00f2s.<\/p>\n<p>\u00c9s un ingredient ideal per donar un toc cruixent i decoratiu usat en l&#8217;\u00e0mbit de cuina, encara que s&#8217;usa principalment en postres, pastisseria, pastisseria i rebosteria.<\/p>\n<p>Aliment ric en greixos monoinsaturats saludables, calci, magnesi i vitamina E. A m\u00e9s brinda una gran aportaci\u00f3 de fibra i prote\u00efnes.<\/p>\n<p>Id\u00f2nia per provocar sensaci\u00f3 de sacietat, afavorir el creixement de la flora bacteriana i estimular els moviments intestinals. Es pot fer servir com a alternativa vegana pel seu efecte saciant amb una gran aportaci\u00f3 de fibra i un alt valor nutricional.<\/p>\n<p>\u00c9s un producte ideal per a persones que volen cuidar la salut, practiquen esport, pateixen diabetis, pateixen decolesterol i altres malalties cardiovasculars.<\/p>\n<p>Granet d&#8217;ametlla compost 100% a base d&#8217;ametlles naturals trossejades. Aquest producte ecol\u00f2gic elaborat amb el m\u00e0xim control de qualitat inclou:<\/p>\n<ul>\n<li>Ametlles processades de forma artesanal<\/li>\n<li>Textura cruixent<\/li>\n<li>Contingut en greixos saludables<\/li>\n<li>Ajuda a mantenir nivells saludables de pressi\u00f3 arterial<\/li>\n<li>T\u00e9 menys carbohidrats nets<\/li>\n<li>Gran font de fibres, prote\u00efnes, vitamina E, magnesi i molts nutrients importants<\/li>\n<li>Ajuda per a la p\u00e8rdua de pes<\/li>\n<li>No cont\u00e9 blat ni gluten pel que \u00e9s apta per a persones cel\u00edaques o intolerants al gluten<\/li>\n<\/ul>\n","protected":false},"excerpt":{"rendered":"<p>L&#8217;ametlla en granet \u00e9s el resultat de picar o trossejar [&hellip;]<\/p>\n","protected":false},"featured_media":2560,"template":"","meta":[],"product_cat":[54],"product_tag":[],"class_list":{"0":"post-3555","1":"product","2":"type-product","3":"status-publish","4":"has-post-thumbnail","6":"product_cat-sin-categorizar-ca","8":"first","9":"instock","10":"taxable","11":"shipping-taxable","12":"purchasable","13":"product-type-variable"},"yoast_head":"<!-- This site is optimized with the Yoast SEO plugin v19.12 - https:\/\/yoast.com\/wordpress\/plugins\/seo\/ -->\n<title>Granet d&#039;ametlla - Almendras Mart\u00ed<\/title>\n<meta name=\"description\" content=\"Botiga online on podreu comprar Granillo d&#039;Ametlla. Producte 100% natural. Pots comprar lots de 1kg, 5kg, 10kg i fins a 25kg.\" \/>\n<meta name=\"robots\" content=\"index, follow, max-snippet:-1, max-image-preview:large, max-video-preview:-1\" \/>\n<link rel=\"canonical\" href=\"https:\/\/almendrasmarti.com\/ca\/tienda\/granet-dametlla\/\" \/>\n<meta property=\"og:locale\" content=\"ca_ES\" \/>\n<meta property=\"og:type\" content=\"article\" \/>\n<meta property=\"og:title\" content=\"Granet d&#039;ametlla - Almendras Mart\u00ed\" \/>\n<meta property=\"og:description\" content=\"Botiga online on podreu comprar Granillo d&#039;Ametlla. Producte 100% natural. Pots comprar lots de 1kg, 5kg, 10kg i fins a 25kg.\" \/>\n<meta property=\"og:url\" content=\"https:\/\/almendrasmarti.com\/ca\/tienda\/granet-dametlla\/\" \/>\n<meta property=\"og:site_name\" content=\"Almendras Mart\u00ed\" \/>\n<meta property=\"article:modified_time\" content=\"2023-04-24T14:50:18+00:00\" \/>\n<meta property=\"og:image\" content=\"https:\/\/almendrasmarti.com\/wp-content\/uploads\/2022\/11\/Granillo-1250.jpg\" \/>\n\t<meta property=\"og:image:width\" content=\"558\" \/>\n\t<meta property=\"og:image:height\" content=\"558\" \/>\n\t<meta property=\"og:image:type\" content=\"image\/jpeg\" \/>\n<meta name=\"twitter:card\" content=\"summary_large_image\" \/>\n<meta name=\"twitter:label1\" content=\"Temps estimat de lectura\" \/>\n\t<meta name=\"twitter:data1\" content=\"1 minut\" \/>\n<script type=\"application\/ld+json\" class=\"yoast-schema-graph\">{\"@context\":\"https:\/\/schema.org\",\"@graph\":[{\"@type\":\"WebPage\",\"@id\":\"https:\/\/almendrasmarti.com\/ca\/tienda\/granet-dametlla\/\",\"url\":\"https:\/\/almendrasmarti.com\/ca\/tienda\/granet-dametlla\/\",\"name\":\"Granet d'ametlla - Almendras Mart\u00ed\",\"isPartOf\":{\"@id\":\"https:\/\/almendrasmarti.com\/#website\"},\"datePublished\":\"2023-01-10T15:16:22+00:00\",\"dateModified\":\"2023-04-24T14:50:18+00:00\",\"description\":\"Botiga online on podreu comprar Granillo d'Ametlla. Producte 100% natural. Pots comprar lots de 1kg, 5kg, 10kg i fins a 25kg.\",\"breadcrumb\":{\"@id\":\"https:\/\/almendrasmarti.com\/ca\/tienda\/granet-dametlla\/#breadcrumb\"},\"inLanguage\":\"ca\",\"potentialAction\":[{\"@type\":\"ReadAction\",\"target\":[\"https:\/\/almendrasmarti.com\/ca\/tienda\/granet-dametlla\/\"]}]},{\"@type\":\"BreadcrumbList\",\"@id\":\"https:\/\/almendrasmarti.com\/ca\/tienda\/granet-dametlla\/#breadcrumb\",\"itemListElement\":[{\"@type\":\"ListItem\",\"position\":1,\"name\":\"Portada\",\"item\":\"https:\/\/almendrasmarti.com\/ca\/\"},{\"@type\":\"ListItem\",\"position\":2,\"name\":\"Tienda vella 0\",\"item\":\"https:\/\/almendrasmarti.com\/tienda-vella-0\/\"},{\"@type\":\"ListItem\",\"position\":3,\"name\":\"Granet d&#8217;ametlla\"}]},{\"@type\":\"WebSite\",\"@id\":\"https:\/\/almendrasmarti.com\/#website\",\"url\":\"https:\/\/almendrasmarti.com\/\",\"name\":\"Almendras Mart\u00ed\",\"description\":\"Health for the World\",\"publisher\":{\"@id\":\"https:\/\/almendrasmarti.com\/#organization\"},\"potentialAction\":[{\"@type\":\"SearchAction\",\"target\":{\"@type\":\"EntryPoint\",\"urlTemplate\":\"https:\/\/almendrasmarti.com\/?s={search_term_string}\"},\"query-input\":\"required name=search_term_string\"}],\"inLanguage\":\"ca\"},{\"@type\":\"Organization\",\"@id\":\"https:\/\/almendrasmarti.com\/#organization\",\"name\":\"Almendras Mart\u00ed\",\"url\":\"https:\/\/almendrasmarti.com\/\",\"logo\":{\"@type\":\"ImageObject\",\"inLanguage\":\"ca\",\"@id\":\"https:\/\/almendrasmarti.com\/#\/schema\/logo\/image\/\",\"url\":\"https:\/\/almendrasmarti.com\/wp-content\/uploads\/2023\/06\/Screenshot_1-removebg-preview.png\",\"contentUrl\":\"https:\/\/almendrasmarti.com\/wp-content\/uploads\/2023\/06\/Screenshot_1-removebg-preview.png\",\"width\":499,\"height\":500,\"caption\":\"Almendras Mart\u00ed\"},\"image\":{\"@id\":\"https:\/\/almendrasmarti.com\/#\/schema\/logo\/image\/\"}}]}<\/script>\n<!-- \/ Yoast SEO plugin. -->","yoast_head_json":{"title":"Granet d'ametlla - Almendras Mart\u00ed","description":"Botiga online on podreu comprar Granillo d'Ametlla. Producte 100% natural. Pots comprar lots de 1kg, 5kg, 10kg i fins a 25kg.","robots":{"index":"index","follow":"follow","max-snippet":"max-snippet:-1","max-image-preview":"max-image-preview:large","max-video-preview":"max-video-preview:-1"},"canonical":"https:\/\/almendrasmarti.com\/ca\/tienda\/granet-dametlla\/","og_locale":"ca_ES","og_type":"article","og_title":"Granet d'ametlla - Almendras Mart\u00ed","og_description":"Botiga online on podreu comprar Granillo d'Ametlla. Producte 100% natural. Pots comprar lots de 1kg, 5kg, 10kg i fins a 25kg.","og_url":"https:\/\/almendrasmarti.com\/ca\/tienda\/granet-dametlla\/","og_site_name":"Almendras Mart\u00ed","article_modified_time":"2023-04-24T14:50:18+00:00","og_image":[{"width":558,"height":558,"url":"https:\/\/almendrasmarti.com\/wp-content\/uploads\/2022\/11\/Granillo-1250.jpg","type":"image\/jpeg"}],"twitter_card":"summary_large_image","twitter_misc":{"Temps estimat de lectura":"1 minut"},"schema":{"@context":"https:\/\/schema.org","@graph":[{"@type":"WebPage","@id":"https:\/\/almendrasmarti.com\/ca\/tienda\/granet-dametlla\/","url":"https:\/\/almendrasmarti.com\/ca\/tienda\/granet-dametlla\/","name":"Granet d'ametlla - Almendras Mart\u00ed","isPartOf":{"@id":"https:\/\/almendrasmarti.com\/#website"},"datePublished":"2023-01-10T15:16:22+00:00","dateModified":"2023-04-24T14:50:18+00:00","description":"Botiga online on podreu comprar Granillo d'Ametlla. Producte 100% natural. Pots comprar lots de 1kg, 5kg, 10kg i fins a 25kg.","breadcrumb":{"@id":"https:\/\/almendrasmarti.com\/ca\/tienda\/granet-dametlla\/#breadcrumb"},"inLanguage":"ca","potentialAction":[{"@type":"ReadAction","target":["https:\/\/almendrasmarti.com\/ca\/tienda\/granet-dametlla\/"]}]},{"@type":"BreadcrumbList","@id":"https:\/\/almendrasmarti.com\/ca\/tienda\/granet-dametlla\/#breadcrumb","itemListElement":[{"@type":"ListItem","position":1,"name":"Portada","item":"https:\/\/almendrasmarti.com\/ca\/"},{"@type":"ListItem","position":2,"name":"Tienda vella 0","item":"https:\/\/almendrasmarti.com\/tienda-vella-0\/"},{"@type":"ListItem","position":3,"name":"Granet d&#8217;ametlla"}]},{"@type":"WebSite","@id":"https:\/\/almendrasmarti.com\/#website","url":"https:\/\/almendrasmarti.com\/","name":"Almendras Mart\u00ed","description":"Health for the World","publisher":{"@id":"https:\/\/almendrasmarti.com\/#organization"},"potentialAction":[{"@type":"SearchAction","target":{"@type":"EntryPoint","urlTemplate":"https:\/\/almendrasmarti.com\/?s={search_term_string}"},"query-input":"required name=search_term_string"}],"inLanguage":"ca"},{"@type":"Organization","@id":"https:\/\/almendrasmarti.com\/#organization","name":"Almendras Mart\u00ed","url":"https:\/\/almendrasmarti.com\/","logo":{"@type":"ImageObject","inLanguage":"ca","@id":"https:\/\/almendrasmarti.com\/#\/schema\/logo\/image\/","url":"https:\/\/almendrasmarti.com\/wp-content\/uploads\/2023\/06\/Screenshot_1-removebg-preview.png","contentUrl":"https:\/\/almendrasmarti.com\/wp-content\/uploads\/2023\/06\/Screenshot_1-removebg-preview.png","width":499,"height":500,"caption":"Almendras Mart\u00ed"},"image":{"@id":"https:\/\/almendrasmarti.com\/#\/schema\/logo\/image\/"}}]}},"jetpack_sharing_enabled":true,"_links":{"self":[{"href":"https:\/\/almendrasmarti.com\/ca\/wp-json\/wp\/v2\/product\/3555","targetHints":{"allow":["GET"]}}],"collection":[{"href":"https:\/\/almendrasmarti.com\/ca\/wp-json\/wp\/v2\/product"}],"about":[{"href":"https:\/\/almendrasmarti.com\/ca\/wp-json\/wp\/v2\/types\/product"}],"wp:featuredmedia":[{"embeddable":true,"href":"https:\/\/almendrasmarti.com\/ca\/wp-json\/wp\/v2\/media\/2560"}],"wp:attachment":[{"href":"https:\/\/almendrasmarti.com\/ca\/wp-json\/wp\/v2\/media?parent=3555"}],"wp:term":[{"taxonomy":"product_cat","embeddable":true,"href":"https:\/\/almendrasmarti.com\/ca\/wp-json\/wp\/v2\/product_cat?post=3555"},{"taxonomy":"product_tag","embeddable":true,"href":"https:\/\/almendrasmarti.com\/ca\/wp-json\/wp\/v2\/product_tag?post=3555"}],"curies":[{"name":"wp","href":"https:\/\/api.w.org\/{rel}","templated":true}]}}