{"id":3548,"date":"2023-01-10T16:17:18","date_gmt":"2023-01-10T15:17:18","guid":{"rendered":"https:\/\/ametllesmarti.com\/tienda2\/harina-de-almendra\/"},"modified":"2023-04-24T15:44:25","modified_gmt":"2023-04-24T14:44:25","slug":"farina-dametlla","status":"publish","type":"product","link":"https:\/\/almendrasmarti.com\/ca\/tienda\/farina-dametlla\/","title":{"rendered":"Farina d&#8217;ametlla"},"content":{"rendered":"<p>La farina d&#8217;ametlla s&#8217;ha tornat molt popular, \u00e9s un ingredient usat en una \u00e0mplia gamma de cuina i rebosteria, sobretot per coure en receptes i postres cl\u00e0ssiques per la quantitat de propietats que cont\u00e9. Es pot fer servir com a alternativa vegana ja que t\u00e9 un gran efecte saciant amb una gran aportaci\u00f3 de fibra i un alt valor nutricional.<\/p>\n<p>Aquest tipus d&#8217;ametlla s&#8217;utilitza principalment com a alternativa saludable a la farina tradicional en diverses receptes ja que es pot implementar en diversos tipus de menjars, com en la preparaci\u00f3 de pa, pastissos, brownies, galetes, batuts, smoothies, salses i molt m\u00e9s .<\/p>\n<p>No cont\u00e9 blat ni gluten pel que \u00e9s apta per a persones cel\u00edaques o intolerants al gluten, persones diab\u00e8tiques, seguidors de la dieta keto o cetog\u00e8nica.<\/p>\n<p><a href=\"https:\/\/ametllesmarti.com\/tienda2\/harina-de-almendra\/\">Farina d&#8217;ametlla composta 100% a base d&#8217;ametlles naturals m\u00f2ltes.<\/a> Aquest producte ecol\u00f2gic elaborat amb el m\u00e0xim control de qualitat inclou:<\/p>\n<ul>\n<li>Font de greixos monoinsaturats<\/li>\n<li>Cont\u00e9 magnesi i ajuda a mantenir nivells saludables de pressi\u00f3 arterial<\/li>\n<li>Contribueix a diverses malalties, cardiovasculars, diabetis, c\u00e0ncer, malalties inflamat\u00f2ries de les articulacions, entre d&#8217;altres.<\/li>\n<li>T\u00e9 menys carbohidrats nets<\/li>\n<li>Font de vitamina E<\/li>\n<li>Aliment ric en prote\u00efnes i fibra<\/li>\n<li>Ajuda per a la p\u00e8rdua de pes<\/li>\n<\/ul>\n","protected":false},"excerpt":{"rendered":"<p>La farina d&#8217;ametlla s&#8217;ha tornat molt popular, \u00e9s un ingredient [&hellip;]<\/p>\n","protected":false},"featured_media":2563,"template":"","meta":[],"product_cat":[54],"product_tag":[],"class_list":{"0":"post-3548","1":"product","2":"type-product","3":"status-publish","4":"has-post-thumbnail","6":"product_cat-sin-categorizar-ca","8":"first","9":"instock","10":"taxable","11":"shipping-taxable","12":"purchasable","13":"product-type-variable"},"yoast_head":"<!-- This site is optimized with the Yoast SEO plugin v19.12 - https:\/\/yoast.com\/wordpress\/plugins\/seo\/ -->\n<title>Farina d&#039;ametlla - Almendras Mart\u00ed<\/title>\n<meta name=\"description\" content=\"Botiga online on podreu comprar Harina d&#039;Ametlla. Producte 100% natural. Pots comprar lots de 1kg, 5kg, 10kg i fins a 25kg.\" \/>\n<meta name=\"robots\" content=\"index, follow, max-snippet:-1, max-image-preview:large, max-video-preview:-1\" \/>\n<link rel=\"canonical\" href=\"https:\/\/almendrasmarti.com\/ca\/tienda\/farina-dametlla\/\" \/>\n<meta property=\"og:locale\" content=\"ca_ES\" \/>\n<meta property=\"og:type\" content=\"article\" \/>\n<meta property=\"og:title\" content=\"Farina d&#039;ametlla - Almendras Mart\u00ed\" \/>\n<meta property=\"og:description\" content=\"Botiga online on podreu comprar Harina d&#039;Ametlla. Producte 100% natural. Pots comprar lots de 1kg, 5kg, 10kg i fins a 25kg.\" \/>\n<meta property=\"og:url\" content=\"https:\/\/almendrasmarti.com\/ca\/tienda\/farina-dametlla\/\" \/>\n<meta property=\"og:site_name\" content=\"Almendras Mart\u00ed\" \/>\n<meta property=\"article:modified_time\" content=\"2023-04-24T14:44:25+00:00\" \/>\n<meta property=\"og:image\" content=\"https:\/\/almendrasmarti.com\/wp-content\/uploads\/2022\/11\/Harina1258.jpg\" \/>\n\t<meta property=\"og:image:width\" content=\"593\" \/>\n\t<meta property=\"og:image:height\" content=\"593\" \/>\n\t<meta property=\"og:image:type\" content=\"image\/jpeg\" \/>\n<meta name=\"twitter:card\" content=\"summary_large_image\" \/>\n<meta name=\"twitter:label1\" content=\"Temps estimat de lectura\" \/>\n\t<meta name=\"twitter:data1\" content=\"1 minut\" \/>\n<script type=\"application\/ld+json\" class=\"yoast-schema-graph\">{\"@context\":\"https:\/\/schema.org\",\"@graph\":[{\"@type\":\"WebPage\",\"@id\":\"https:\/\/almendrasmarti.com\/ca\/tienda\/farina-dametlla\/\",\"url\":\"https:\/\/almendrasmarti.com\/ca\/tienda\/farina-dametlla\/\",\"name\":\"Farina d'ametlla - Almendras Mart\u00ed\",\"isPartOf\":{\"@id\":\"https:\/\/almendrasmarti.com\/#website\"},\"datePublished\":\"2023-01-10T15:17:18+00:00\",\"dateModified\":\"2023-04-24T14:44:25+00:00\",\"description\":\"Botiga online on podreu comprar Harina d'Ametlla. Producte 100% natural. Pots comprar lots de 1kg, 5kg, 10kg i fins a 25kg.\",\"breadcrumb\":{\"@id\":\"https:\/\/almendrasmarti.com\/ca\/tienda\/farina-dametlla\/#breadcrumb\"},\"inLanguage\":\"ca\",\"potentialAction\":[{\"@type\":\"ReadAction\",\"target\":[\"https:\/\/almendrasmarti.com\/ca\/tienda\/farina-dametlla\/\"]}]},{\"@type\":\"BreadcrumbList\",\"@id\":\"https:\/\/almendrasmarti.com\/ca\/tienda\/farina-dametlla\/#breadcrumb\",\"itemListElement\":[{\"@type\":\"ListItem\",\"position\":1,\"name\":\"Portada\",\"item\":\"https:\/\/almendrasmarti.com\/ca\/\"},{\"@type\":\"ListItem\",\"position\":2,\"name\":\"Tienda vella 0\",\"item\":\"https:\/\/almendrasmarti.com\/tienda-vella-0\/\"},{\"@type\":\"ListItem\",\"position\":3,\"name\":\"Farina d&#8217;ametlla\"}]},{\"@type\":\"WebSite\",\"@id\":\"https:\/\/almendrasmarti.com\/#website\",\"url\":\"https:\/\/almendrasmarti.com\/\",\"name\":\"Almendras Mart\u00ed\",\"description\":\"Health for the World\",\"publisher\":{\"@id\":\"https:\/\/almendrasmarti.com\/#organization\"},\"potentialAction\":[{\"@type\":\"SearchAction\",\"target\":{\"@type\":\"EntryPoint\",\"urlTemplate\":\"https:\/\/almendrasmarti.com\/?s={search_term_string}\"},\"query-input\":\"required name=search_term_string\"}],\"inLanguage\":\"ca\"},{\"@type\":\"Organization\",\"@id\":\"https:\/\/almendrasmarti.com\/#organization\",\"name\":\"Almendras Mart\u00ed\",\"url\":\"https:\/\/almendrasmarti.com\/\",\"logo\":{\"@type\":\"ImageObject\",\"inLanguage\":\"ca\",\"@id\":\"https:\/\/almendrasmarti.com\/#\/schema\/logo\/image\/\",\"url\":\"https:\/\/almendrasmarti.com\/wp-content\/uploads\/2023\/06\/Screenshot_1-removebg-preview.png\",\"contentUrl\":\"https:\/\/almendrasmarti.com\/wp-content\/uploads\/2023\/06\/Screenshot_1-removebg-preview.png\",\"width\":499,\"height\":500,\"caption\":\"Almendras Mart\u00ed\"},\"image\":{\"@id\":\"https:\/\/almendrasmarti.com\/#\/schema\/logo\/image\/\"}}]}<\/script>\n<!-- \/ Yoast SEO plugin. -->","yoast_head_json":{"title":"Farina d'ametlla - Almendras Mart\u00ed","description":"Botiga online on podreu comprar Harina d'Ametlla. Producte 100% natural. Pots comprar lots de 1kg, 5kg, 10kg i fins a 25kg.","robots":{"index":"index","follow":"follow","max-snippet":"max-snippet:-1","max-image-preview":"max-image-preview:large","max-video-preview":"max-video-preview:-1"},"canonical":"https:\/\/almendrasmarti.com\/ca\/tienda\/farina-dametlla\/","og_locale":"ca_ES","og_type":"article","og_title":"Farina d'ametlla - Almendras Mart\u00ed","og_description":"Botiga online on podreu comprar Harina d'Ametlla. Producte 100% natural. Pots comprar lots de 1kg, 5kg, 10kg i fins a 25kg.","og_url":"https:\/\/almendrasmarti.com\/ca\/tienda\/farina-dametlla\/","og_site_name":"Almendras Mart\u00ed","article_modified_time":"2023-04-24T14:44:25+00:00","og_image":[{"width":593,"height":593,"url":"https:\/\/almendrasmarti.com\/wp-content\/uploads\/2022\/11\/Harina1258.jpg","type":"image\/jpeg"}],"twitter_card":"summary_large_image","twitter_misc":{"Temps estimat de lectura":"1 minut"},"schema":{"@context":"https:\/\/schema.org","@graph":[{"@type":"WebPage","@id":"https:\/\/almendrasmarti.com\/ca\/tienda\/farina-dametlla\/","url":"https:\/\/almendrasmarti.com\/ca\/tienda\/farina-dametlla\/","name":"Farina d'ametlla - Almendras Mart\u00ed","isPartOf":{"@id":"https:\/\/almendrasmarti.com\/#website"},"datePublished":"2023-01-10T15:17:18+00:00","dateModified":"2023-04-24T14:44:25+00:00","description":"Botiga online on podreu comprar Harina d'Ametlla. Producte 100% natural. Pots comprar lots de 1kg, 5kg, 10kg i fins a 25kg.","breadcrumb":{"@id":"https:\/\/almendrasmarti.com\/ca\/tienda\/farina-dametlla\/#breadcrumb"},"inLanguage":"ca","potentialAction":[{"@type":"ReadAction","target":["https:\/\/almendrasmarti.com\/ca\/tienda\/farina-dametlla\/"]}]},{"@type":"BreadcrumbList","@id":"https:\/\/almendrasmarti.com\/ca\/tienda\/farina-dametlla\/#breadcrumb","itemListElement":[{"@type":"ListItem","position":1,"name":"Portada","item":"https:\/\/almendrasmarti.com\/ca\/"},{"@type":"ListItem","position":2,"name":"Tienda vella 0","item":"https:\/\/almendrasmarti.com\/tienda-vella-0\/"},{"@type":"ListItem","position":3,"name":"Farina d&#8217;ametlla"}]},{"@type":"WebSite","@id":"https:\/\/almendrasmarti.com\/#website","url":"https:\/\/almendrasmarti.com\/","name":"Almendras Mart\u00ed","description":"Health for the World","publisher":{"@id":"https:\/\/almendrasmarti.com\/#organization"},"potentialAction":[{"@type":"SearchAction","target":{"@type":"EntryPoint","urlTemplate":"https:\/\/almendrasmarti.com\/?s={search_term_string}"},"query-input":"required name=search_term_string"}],"inLanguage":"ca"},{"@type":"Organization","@id":"https:\/\/almendrasmarti.com\/#organization","name":"Almendras Mart\u00ed","url":"https:\/\/almendrasmarti.com\/","logo":{"@type":"ImageObject","inLanguage":"ca","@id":"https:\/\/almendrasmarti.com\/#\/schema\/logo\/image\/","url":"https:\/\/almendrasmarti.com\/wp-content\/uploads\/2023\/06\/Screenshot_1-removebg-preview.png","contentUrl":"https:\/\/almendrasmarti.com\/wp-content\/uploads\/2023\/06\/Screenshot_1-removebg-preview.png","width":499,"height":500,"caption":"Almendras Mart\u00ed"},"image":{"@id":"https:\/\/almendrasmarti.com\/#\/schema\/logo\/image\/"}}]}},"jetpack_sharing_enabled":true,"_links":{"self":[{"href":"https:\/\/almendrasmarti.com\/ca\/wp-json\/wp\/v2\/product\/3548","targetHints":{"allow":["GET"]}}],"collection":[{"href":"https:\/\/almendrasmarti.com\/ca\/wp-json\/wp\/v2\/product"}],"about":[{"href":"https:\/\/almendrasmarti.com\/ca\/wp-json\/wp\/v2\/types\/product"}],"wp:featuredmedia":[{"embeddable":true,"href":"https:\/\/almendrasmarti.com\/ca\/wp-json\/wp\/v2\/media\/2563"}],"wp:attachment":[{"href":"https:\/\/almendrasmarti.com\/ca\/wp-json\/wp\/v2\/media?parent=3548"}],"wp:term":[{"taxonomy":"product_cat","embeddable":true,"href":"https:\/\/almendrasmarti.com\/ca\/wp-json\/wp\/v2\/product_cat?post=3548"},{"taxonomy":"product_tag","embeddable":true,"href":"https:\/\/almendrasmarti.com\/ca\/wp-json\/wp\/v2\/product_tag?post=3548"}],"curies":[{"name":"wp","href":"https:\/\/api.w.org\/{rel}","templated":true}]}}