{"id":3486,"date":"2022-11-15T17:05:29","date_gmt":"2022-11-15T16:05:29","guid":{"rendered":"https:\/\/ametllesmarti.com\/politica-de-cookies\/"},"modified":"2025-05-14T08:29:03","modified_gmt":"2025-05-14T07:29:03","slug":"politica-de-cookies","status":"publish","type":"page","link":"https:\/\/almendrasmarti.com\/ca\/politica-de-cookies\/","title":{"rendered":"Pol\u00edtica de cookies"},"content":{"rendered":"<p><div class=\"fusion-fullwidth fullwidth-box fusion-builder-row-1 fusion-flex-container has-pattern-background has-mask-background fusion-parallax-none hundred-percent-fullwidth non-hundred-percent-height-scrolling\" style=\"background-color: rgba(0,0,0,0.53);background-image: url(&quot;https:\/\/almendrasmarti.com\/wp-content\/uploads\/2023\/06\/NRI_8679_2-scaled.jpg&quot;);background-position: center center;background-repeat: no-repeat;background-blend-mode: multiply;border-width: 0px 0px 0px 0px;border-color:var(--awb-color3);border-style:solid;-webkit-background-size:cover;-moz-background-size:cover;-o-background-size:cover;background-size:cover;\" ><div class=\"fusion-builder-row fusion-row fusion-flex-align-items-flex-start\" style=\"width:104% !important;max-width:104% !important;margin-left: calc(-4% \/ 2 );margin-right: calc(-4% \/ 2 );\"><\/div><style type=\"text\/css\">.fusion-body .fusion-flex-container.fusion-builder-row-1{ padding-top : 150px;margin-top : 0px;padding-right : 0px;padding-bottom : 0px;margin-bottom : 0px;padding-left : 0px;}<\/style><\/div><div class=\"fusion-fullwidth fullwidth-box fusion-builder-row-2 fusion-flex-container has-pattern-background has-mask-background nonhundred-percent-fullwidth non-hundred-percent-height-scrolling\" style=\"background-color: rgba(255,255,255,0);background-position: center center;background-repeat: no-repeat;border-width: 0px 0px 0px 0px;border-color:var(--awb-color3);border-style:solid;\" ><div class=\"fusion-builder-row fusion-row fusion-flex-align-items-flex-start\" style=\"max-width:1248px;margin-left: calc(-4% \/ 2 );margin-right: calc(-4% \/ 2 );\"><div class=\"fusion-layout-column fusion_builder_column fusion-builder-column-0 fusion_builder_column_1_1 1_1 fusion-flex-column\"><div class=\"fusion-column-wrapper fusion-flex-justify-content-center fusion-content-layout-column\" style=\"background-position:left top;background-repeat:no-repeat;-webkit-background-size:cover;-moz-background-size:cover;-o-background-size:cover;background-size:cover;padding: 100px 0px 0px 0px;\"><style type=\"text\/css\">@media only screen and (max-width:1024px) {.fusion-title.fusion-title-1{margin-top:10px!important; margin-right:0px!important;margin-bottom:15px!important;margin-left:0px!important;}}@media only screen and (max-width:640px) {.fusion-title.fusion-title-1{margin-top:10px!important; margin-right:0px!important;margin-bottom:10px!important; margin-left:0px!important;}}<\/style><div class=\"fusion-title title fusion-title-1 sep-underline sep-solid fusion-title-text fusion-title-size-one\" style=\"border-bottom-color:var(--awb-color6);font-size:40px;margin-top:10px;margin-right:0px;margin-bottom:15px;margin-left:0px;\"><h1 class=\"title-heading-left md-text-align-center fusion-responsive-typography-calculated\" style=\"margin:0;font-size:1em;color:var(--awb-color4);--fontSize:40;line-height:var(--awb-typography1-line-height);\">Pol\u00edtica de cookies<\/h1><\/div><\/div><style type=\"text\/css\">.fusion-body .fusion-builder-column-0{width:100% !important;margin-top : 0px;margin-bottom : 0px;}.fusion-builder-column-0 > .fusion-column-wrapper {padding-top : 100px !important;padding-right : 0px !important;margin-right : 0px;padding-bottom : 0px !important;padding-left : 0px !important;margin-left : 1.92%;}@media only screen and (max-width:1024px) {.fusion-body .fusion-builder-column-0{width:100% !important;order : 0;}.fusion-builder-column-0 > .fusion-column-wrapper {padding-top : 60px !important;padding-right : 10vw !important;margin-right : 0px;padding-bottom : 60px !important;padding-left : 10vw !important;margin-left : 1.92%;}}@media only screen and (max-width:640px) {.fusion-body .fusion-builder-column-0{width:100% !important;order : 0;}.fusion-builder-column-0 > .fusion-column-wrapper {padding-top : 30px !important;padding-right : 10% !important;margin-right : 1.92%;padding-bottom : 30px !important;padding-left : 10% !important;margin-left : 1.92%;}}<\/style><\/div><div class=\"fusion-layout-column fusion_builder_column fusion-builder-column-1 fusion_builder_column_1_1 1_1 fusion-flex-column\"><div class=\"fusion-column-wrapper fusion-flex-justify-content-center fusion-content-layout-column\" style=\"background-position:left top;background-repeat:no-repeat;-webkit-background-size:cover;-moz-background-size:cover;-o-background-size:cover;background-size:cover;background-color:var(--awb-color1);padding: 50px 0px 50px 0px;\"><div class=\"fusion-text fusion-text-1\" style=\"font-size:14px;\"><h5><strong>QU\u00c8 \u00c9S UNA COOKIE?<\/strong><\/h5>\n<p>Aquest lloc web utilitza cookies i\/o tecnologies similars que emmagatzemen i recuperen informaci\u00f3 quan navegues. En general, aquestes tecnologies poden servir per a finalitats molt diverses, com, per exemple, recon\u00e8ixer-te com a usuari, obtenir informaci\u00f3 sobre els teus h\u00e0bits de navegaci\u00f3 o personalitzes la manera com es mostra el contingut. Els usos concrets que fem daquestes tecnologies es descriuen a continuaci\u00f3.<\/p>\n<h5><strong>QUI UTILITZA LA INFORMACI\u00d3 DE LES COOKIES?<\/strong><\/h5>\n<p>Les dades emmagatzemades s\u00f3n tractades per l&#8217;entitat TRENCADORA D\u2019AMETLLES MART\u00cd S.L. amb CIF B25408477 amb domicili social al Pol\u00edgon Industrial de Maials. Partida Bassa Bona s\/n, 25179 Maials, (Lleida).<\/p>\n<h5><strong>QUINS TIPUS DE COOKIES EXISTEIXEN?<\/strong><\/h5>\n<p>Les cookies es poden classificar, en virtut de les seves caracter\u00edstiques pr\u00f2pies, dins de diverses categories.<\/p>\n<p><strong>1. Segons l&#8217;entitat que la gestioni:<\/strong><\/p>\n<ul>\n<li>Cookies pr\u00f2pies: S\u00f3n aquelles que s&#8217;envien al teu ordinador i s\u00f3n gestionades exclusivament per nosaltres pel millor funcionament del lloc web.<\/li>\n<li>Cookies de tercers: S\u00f3n aquelles que s&#8217;envien al teu ordinador i no s\u00f3n gestionades per nosaltres sin\u00f3 per una tercera entitat.<\/li>\n<\/ul>\n<p><strong>2. Segons el termini de temps que romanen activades:<\/strong><\/p>\n<ul>\n<li>Cookies de sessi\u00f3: Aquest tipus de galetes recullen i emmagatzemen dades \u00fanicament mentre l&#8217;usuari accedeix al lloc web.<\/li>\n<li>Cookies persistents: Mitjan\u00e7ant aquest tipus de galetes les dades segueixen emmagatzemades i poden ser accedides i tractades durant el per\u00edode definit pel responsable de la galeta, i pot anar d&#8217;uns minuts a diversos anys.<\/li>\n<\/ul>\n<p><strong>3. Segons la finalitat:<\/strong><\/p>\n<ul>\n<li>Cookies t\u00e8cniques: S\u00f3n aquelles que permeten a l&#8217;usuari la navegaci\u00f3 a trav\u00e9s del lloc web, plataforma o aplicaci\u00f3 i la utilitzaci\u00f3 de les diferents opcions o serveis que aquest ofereix, com per exemple, controlar el tr\u00e0nsit i la comunicaci\u00f3 de dades, identificar la sessi\u00f3, accedir a parts d&#8217;acc\u00e9s restringit, recordar els elements que integren una comanda, fer un proc\u00e9s de compra d&#8217;una comanda, fer esdeveniment d&#8217;esdeveniment seguretat durant la navegaci\u00f3, emmagatzemar continguts per a la difusi\u00f3 de v\u00eddeos o so o compartir continguts a trav\u00e9s de xarxes socials.<\/li>\n<li>Cookies de personalitzaci\u00f3: S\u00f3n aquelles que permeten a l&#8217;usuari accedir al servei amb algunes caracter\u00edstiques de car\u00e0cter general predefinides, com ara l&#8217;idioma, la configuraci\u00f3 regional des d&#8217;on accedeix al servei, etc.<\/li>\n<li>Cookies d&#8217;an\u00e0lisi: S\u00f3n aquelles que permeten al responsable de les mateixes, el seguiment i an\u00e0lisi del comportament dels usuaris dels llocs web a qu\u00e8 estan. La informaci\u00f3 recollida mitjan\u00e7ant aquest tipus de cookies s&#8217;utilitza en el mesurament de l&#8217;activitat dels llocs web, aplicaci\u00f3 o plataforma i per a l&#8217;elaboraci\u00f3 de perfils de navegaci\u00f3 navegaci\u00f3 dels usuaris d&#8217;aquests llocs, aplicacions i plataformes, per tal d&#8217;introduir millora<\/li>\n<li>Cookies publicit\u00e0ries: S\u00f3n aquelles que permeten la gesti\u00f3, de la manera m\u00e9s efica\u00e7 possible, dels espais publicitaris que, si escau, s&#8217;hagin incl\u00f2s al lloc web, aplicaci\u00f3 o plataforma des de la qual presta el servei sol\u00b7licitat en base als criteris com el contingut editat o la freq\u00fc\u00e8ncia en qu\u00e8 es mostren els anuncis.<\/li>\n<li>Cookies de publicitat comportamental: S\u00f3n aquelles que permeten la gesti\u00f3, de la manera m\u00e9s efica\u00e7 possible, dels espais publicitaris que, si escau, l&#8217;editor hagi incl\u00f2s a la seva p\u00e0gina web, aplicaci\u00f3 o plataforma des de la qual presta el servei sol\u00b7licitat. Aquestes cookies emmagatzemen informaci\u00f3 del comportament dels usuaris obtinguda a trav\u00e9s de l&#8217;observaci\u00f3 continuada dels seus h\u00e0bits de navegaci\u00f3, cosa que permet desenvolupar un perfil espec\u00edfic per mostrar publicitat en funci\u00f3 del mateix.<\/li>\n<\/ul>\n<h5><strong>QUINS TIPUS DE COOKIES UTILITZA AQUEST LLOC WEB?<\/strong><\/h5>\n<p>A continuaci\u00f3, s&#8217;especifiquen les cookies en concret emprades al present lloc web:<\/p>\n<div class=\"table-1\">\n<table style=\"height: 723px;\" width=\"1200\">\n<thead>\n<tr>\n<th align=\"left\"><strong>Nom<\/strong><\/th>\n<th align=\"left\"><strong>Domini<\/strong><\/th>\n<th align=\"left\"><strong>Tipus<\/strong><\/th>\n<th align=\"left\">\n<p class=\"p1\"><strong>Descripci\u00f3<\/strong><\/p>\n<\/th>\n<th align=\"left\">\n<p class=\"p1\"><strong>Duraci\u00f3<\/strong><\/p>\n<\/th>\n<\/tr>\n<\/thead>\n<tbody>\n<tr>\n<td align=\"left\">cookielawinfo-checkbox-necessary<\/td>\n<td align=\"left\">almendrasmarti.com<\/td>\n<td align=\"left\">Necess\u00e0ria<\/td>\n<td align=\"left\">Establida pel complement de consentiment de cookies GDPR, aquesta cookie s&#8217;utilitza per registrar el consentiment de l&#8217;usuari per a les cookies en la categoria \u00abNecess\u00e0ries\u00bb.<\/td>\n<td align=\"left\">1 any<\/td>\n<\/tr>\n<tr>\n<td align=\"left\">cookielawinfo-checkbox-functional<\/td>\n<td align=\"left\">almendrasmarti.com<\/td>\n<td align=\"left\">Necess\u00e0ria<\/td>\n<td align=\"left\">La cookie la configura el connector de consentiment de cookies de GDPR per registrar el consentiment de l&#8217;usuari per a les cookies a la categoria \u00abFuncionals\u00bb.<\/td>\n<td align=\"left\">1 any<\/td>\n<\/tr>\n<tr>\n<td align=\"left\">cookielawinfo-checkbox-performance<\/td>\n<td align=\"left\">almendrasmarti.com<\/td>\n<td align=\"left\">Necess\u00e0ria<\/td>\n<td align=\"left\">Establida pel complement de consentiment de cookies GDPR, aquesta cookie s&#8217;utilitza per emmagatzemar el consentiment de l&#8217;usuari per a les cookies a la categoria \u00abRendiment\u00bb.<\/td>\n<td align=\"left\">1 any<\/td>\n<\/tr>\n<tr>\n<td align=\"left\">cookielawinfo-checkbox-analytics<\/td>\n<td align=\"left\">almendrasmarti.com<\/td>\n<td align=\"left\">Necess\u00e0ria<\/td>\n<td align=\"left\">Establida pel complement de consentiment de cookies GDPR, aquesta cookie s&#8217;utilitza per registrar el consentiment de l&#8217;usuari per a les cookies de la categoria \u00abAn\u00e0lisi\u00bb.<\/td>\n<td align=\"left\">1 any<\/td>\n<\/tr>\n<tr>\n<td align=\"left\">cookielawinfo-checkbox-advertisement<\/td>\n<td align=\"left\">almendrasmarti.com<\/td>\n<td align=\"left\">Necess\u00e0ria<\/td>\n<td align=\"left\">Establida pel connector de consentiment de cookies GDPR, aquesta cookie s&#8217;utilitza per registrar el consentiment de l&#8217;usuari per a les cookies a la categoria \u00abAnunci\u00bb.<\/td>\n<td align=\"left\">1 any<\/td>\n<\/tr>\n<tr>\n<td align=\"left\">cookielawinfo-checkbox-others<\/td>\n<td align=\"left\">almendrasmarti.com<\/td>\n<td align=\"left\">Necess\u00e0ria<\/td>\n<td align=\"left\">Establida pel complement de consentiment de cookies GDPR, aquesta cookie s&#8217;utilitza per emmagatzemar el consentiment de l&#8217;usuari per a les cookies a la categoria \u00abAltres\u00bb.<\/td>\n<td align=\"left\">1 any<\/td>\n<\/tr>\n<\/tbody>\n<\/table>\n<\/div>\n<p>Aquesta taula pot ser actualitzada d&#8217;acord amb les cookies emprades en cada moment. T&#8217;aconsellem que consultis la nostra Pol\u00edtica de Cookies de forma regular.<\/p>\n<h5><strong>ES REALITZEN TRANFER\u00c8NCIES DE DADES A TERCERS PA\u00cfSOS?<\/strong><\/h5>\n<p>Pots informar-te de les transfer\u00e8ncies a tercers pa\u00efsos que, si escau, realitzen els tercers identificats en aquesta pol\u00edtica de cookies en les seves pol\u00edtiques corresponents (Vegeu els enlla\u00e7os facilitats a la taula anterior, a l&#8217;apartat de cookies de tercers).<\/p>\n<h5><strong>COM DESHABILITAR I BLOQUEJAR COOKIES?<\/strong><\/h5>\n<p>T&#8217;informem que, en qualsevol cas, pots deshabilitar o bloquejar les cookies activant la configuraci\u00f3 del teu navegador, permetent rebutjar la instal\u00b7laci\u00f3 de totes o algunes de les cookies. En cas de no permetre la instal\u00b7laci\u00f3 de cookies \u00e9s possible que no puguis accedir a algunes de les funcionalitats del present lloc web, i per tant, la teva experi\u00e8ncia com a usuari al lloc web sigui menys satisfact\u00f2ria.<\/p>\n<p>Pots permetre, bloquejar o eliminar les cookies instal\u00b7lades al teu equip mitjan\u00e7ant la configuraci\u00f3 de les opcions del navegador instal\u00b7lat al teu ordinador. Per a m\u00e9s informaci\u00f3 sobre com ajustar les vostres configuracions de cookies als seg\u00fcents navegadors, us remetem a l&#8217;enlla\u00e7 pertinent:<\/p>\n<p><strong>Internet Explorer<\/strong>:\u00a0<a href=\"https:\/\/support.microsoft.com\/es-es\/help\/17442\/windows-internet-explorer-delete-manage-cookies\" target=\"_blank\" rel=\"noopener\">https:\/\/support.microsoft.com\/es-es\/help\/17442\/windows-internet-explorer-delete-manage-cookies<\/a><\/p>\n<ul style=\"text-align: left;\">\n<li><strong>Firefox<\/strong>:\u00a0<a href=\"https:\/\/support.mozilla.org\/es\/kb\/habilitar-y-deshabilitar-cookies-sitios-web-rastrear-preferencias?redirectlocale=es&amp;redirectslug=habilitar-y-deshabilitar-cookies-que-los-sitios-we\" target=\"_blank\" rel=\"noopener\">https:\/\/support.mozilla.org\/es\/kb\/habilitar-y-deshabilitar-cookies-sitios-web-rastrear-preferencias?redirectlocale=es&amp;redirectslug=habilitar-y-deshabilitar-cookies-que-los-sitios-we<\/a><\/li>\n<li><strong>Chrome<\/strong>:\u00a0<a href=\"http:\/\/support.google.com\/chrome\/bin\/answer.py?hl=en&amp;answer=9564\" target=\"_blank\" rel=\"noopener\">http:\/\/support.google.com\/chrome\/bin\/answer.py?hl=en&amp;answer=9564<\/a><\/li>\n<li><strong>Safari<\/strong>:\u00a0<a href=\"https:\/\/support.apple.com\/kb\/PH19214?viewlocale=es_ES&amp;locale=es_ES\" target=\"_blank\" rel=\"noopener\">https:\/\/support.apple.com\/kb\/PH19214?viewlocale=es_ES&amp;locale=es_ES<\/a><\/li>\n<li><strong>Opera<\/strong>:\u00a0<a href=\"http:\/\/help.opera.com\/Windows\/11.50\/es-ES\/cookies.html\" target=\"_blank\" rel=\"noopener\">http:\/\/help.opera.com\/Windows\/11.50\/es-ES\/cookies.html<\/a><\/li>\n<\/ul>\n<h5><strong>QUINS DRETS TENS SOBRE LES DADES PERSONALS APORTADES?<\/strong><\/h5>\n<p>Com a usuari, pots exercitar els drets seg\u00fcents:<\/p>\n<ul>\n<li>Dret d&#8217;acc\u00e9s: Teniu dret a obtenir per part de l&#8217;empresa confirmaci\u00f3 de si s&#8217;estan tractant o no les vostres dades personals que, i si escau, quines dades tracta.<\/li>\n<li>Dret de rectificaci\u00f3: Teniu dret a obtenir per part de l&#8217;empresa, la rectificaci\u00f3 de les dades personals inexactes que us concerneixen. A la sol\u00b7licitud de rectificaci\u00f3 haur\u00e0s d&#8217;indicar les dades que desitges que es modifiquin.<\/li>\n<li>Dret d&#8217;oposici\u00f3: Teniu dret a oposar-vos en qualsevol moment, per motius relacionats amb la vostra situaci\u00f3 particular, que dades personals que us concerneixin siguin objecte d&#8217;un tractament basat en l&#8217;inter\u00e8s leg\u00edtim de l&#8217;empresa. En aquest cas, l&#8217;empresa deixar\u00e0 de tractar les dades personals, llevat que acreditem motius imperiosos leg\u00edtims per al tractament que prevalguin sobre els teus interessos, drets i llibertats, o per a la formulaci\u00f3, l&#8217;exercici o la defensa de reclamacions.<\/li>\n<li>Dret de supressi\u00f3: Teniu dret a obtenir per part de l&#8217;empresa, la supressi\u00f3 de les dades personals que us concerneixin.<\/li>\n<li>Dret a la portabilitat de les dades: Teniu dret que l&#8217;empresa transfereixi les vostres dades personals a un altre responsable del tractament. Nom\u00e9s \u00e9s possible exercir aquest dret quan el tractament estigui basat en l&#8217;execuci\u00f3 d&#8217;un contracte o en el vostre consentiment i el tractament es realitzi per mitjans automatitzats.<\/li>\n<li>Dret a la limitaci\u00f3 del tractament: Tens dret a sol\u00b7licitar-nos que suspenguem el tractament de les teves dades quan: impugnes l&#8217;exactitud de les dades, mentre l&#8217;empresa verifica aquesta exactitud; hagis exercit el dret d&#8217;oposici\u00f3 al tractament de les teves dades, mentre que es verifica si els motius leg\u00edtims de l&#8217;empresa prevalen sobre els teus com a interessats.<\/li>\n<li>Dret a no ser objecte de decisions individuals automatitzades, inclosa l&#8217;elaboraci\u00f3 de perfils: Tens dret a no ser objecte d&#8217;una decisi\u00f3 basada \u00fanicament en el tractament automatitzat, inclosa l&#8217;elaboraci\u00f3 de perfils, que produeixi efectes jur\u00eddics o t&#8217;afecti significativament de manera semblant.<\/li>\n<\/ul>\n<p>En qualsevol moment, podr\u00e0s exercitar aquests Drets, mitjan\u00e7ant un escrit i acreditant la teva personalitat dirigit a TRENCADORA D\u2019AMETLLES MART\u00cd S.L. amb adre\u00e7a de correu postal al Pol\u00edgon Industrial de Maials. Partida Bassa Bona s\/n, 25179 Maials, (Lleida).<\/p>\n<p>A m\u00e9s, podr\u00e0s presentar una reclamaci\u00f3 davant de l&#8217;autoritat de control, en aquest cas, l&#8217;Ag\u00e8ncia Espanyola de Protecci\u00f3 de Dades, si consideres que el tractament de dades personals infringeix la legislaci\u00f3 aplicable.<\/p>\n<div class=\"fusion-separator fusion-full-width-sep\" style=\"text-align: left;\"><\/div>\n<div class=\"fusion-layout-column fusion_builder_column fusion-builder-column-6 fusion_builder_column_1_1 1_1 fusion-flex-column\" style=\"text-align: left;\"><\/div>\n<\/div><\/div><style type=\"text\/css\">.fusion-body .fusion-builder-column-1{width:100% !important;margin-top : 0px;margin-bottom : 0px;}.fusion-builder-column-1 > .fusion-column-wrapper {padding-top : 50px !important;padding-right : 0px !important;margin-right : 0px;padding-bottom : 50px !important;padding-left : 0px !important;margin-left : 0px;}@media only screen and (max-width:1024px) {.fusion-body .fusion-builder-column-1{width:83.333333333333% !important;order : 0;margin-bottom : 48px;}.fusion-builder-column-1 > .fusion-column-wrapper {margin-right : 0px;margin-left : 0px;}}@media only screen and (max-width:640px) {.fusion-body .fusion-builder-column-1{width:100% !important;order : 0;}.fusion-builder-column-1 > .fusion-column-wrapper {padding-top : 50px !important;padding-right : 10% !important;margin-right : 1.92%;padding-bottom : 10px !important;padding-left : 10% !important;margin-left : 1.92%;}}<\/style><\/div><\/div><style type=\"text\/css\">.fusion-body .fusion-flex-container.fusion-builder-row-2{ padding-top : 0px;margin-top : 0px;padding-right : 0px;padding-bottom : 0px;margin-bottom : 0px;padding-left : 0px;}@media only screen and (max-width:1024px) {.fusion-body .fusion-flex-container.fusion-builder-row-2{ padding-top : 72px;margin-top : 0px;padding-bottom : 72px;}}@media only screen and (max-width:640px) {.fusion-body .fusion-flex-container.fusion-builder-row-2{ padding-top : 0px;padding-right : 10%;padding-bottom : 0px;padding-left : 10%;}}<\/style><\/div><\/p>\n","protected":false},"excerpt":{"rendered":"","protected":false},"author":1,"featured_media":0,"parent":0,"menu_order":0,"comment_status":"closed","ping_status":"closed","template":"100-width.php","meta":{"footnotes":""},"class_list":["post-3486","page","type-page","status-publish","hentry"],"yoast_head":"<!-- This site is optimized with the Yoast SEO plugin v19.12 - https:\/\/yoast.com\/wordpress\/plugins\/seo\/ -->\n<title>Pol\u00edtica de cookies - Almendras Mart\u00ed<\/title>\n<meta name=\"robots\" content=\"index, follow, max-snippet:-1, max-image-preview:large, max-video-preview:-1\" \/>\n<link rel=\"canonical\" href=\"https:\/\/almendrasmarti.com\/ca\/politica-de-cookies\/\" \/>\n<meta property=\"og:locale\" content=\"ca_ES\" \/>\n<meta property=\"og:type\" content=\"article\" \/>\n<meta property=\"og:title\" content=\"Pol\u00edtica de cookies - Almendras Mart\u00ed\" \/>\n<meta property=\"og:url\" content=\"https:\/\/almendrasmarti.com\/ca\/politica-de-cookies\/\" \/>\n<meta property=\"og:site_name\" content=\"Almendras Mart\u00ed\" \/>\n<meta property=\"article:modified_time\" content=\"2025-05-14T07:29:03+00:00\" \/>\n<meta name=\"twitter:card\" content=\"summary_large_image\" \/>\n<meta name=\"twitter:label1\" content=\"Temps estimat de lectura\" \/>\n\t<meta name=\"twitter:data1\" content=\"10 minuts\" \/>\n<script type=\"application\/ld+json\" class=\"yoast-schema-graph\">{\"@context\":\"https:\/\/schema.org\",\"@graph\":[{\"@type\":\"WebPage\",\"@id\":\"https:\/\/almendrasmarti.com\/ca\/politica-de-cookies\/\",\"url\":\"https:\/\/almendrasmarti.com\/ca\/politica-de-cookies\/\",\"name\":\"Pol\u00edtica de cookies - Almendras Mart\u00ed\",\"isPartOf\":{\"@id\":\"https:\/\/almendrasmarti.com\/#website\"},\"datePublished\":\"2022-11-15T16:05:29+00:00\",\"dateModified\":\"2025-05-14T07:29:03+00:00\",\"breadcrumb\":{\"@id\":\"https:\/\/almendrasmarti.com\/ca\/politica-de-cookies\/#breadcrumb\"},\"inLanguage\":\"ca\",\"potentialAction\":[{\"@type\":\"ReadAction\",\"target\":[\"https:\/\/almendrasmarti.com\/ca\/politica-de-cookies\/\"]}]},{\"@type\":\"BreadcrumbList\",\"@id\":\"https:\/\/almendrasmarti.com\/ca\/politica-de-cookies\/#breadcrumb\",\"itemListElement\":[{\"@type\":\"ListItem\",\"position\":1,\"name\":\"Portada\",\"item\":\"https:\/\/almendrasmarti.com\/ca\/\"},{\"@type\":\"ListItem\",\"position\":2,\"name\":\"Pol\u00edtica de cookies\"}]},{\"@type\":\"WebSite\",\"@id\":\"https:\/\/almendrasmarti.com\/#website\",\"url\":\"https:\/\/almendrasmarti.com\/\",\"name\":\"Almendras Mart\u00ed\",\"description\":\"Health for the World\",\"publisher\":{\"@id\":\"https:\/\/almendrasmarti.com\/#organization\"},\"potentialAction\":[{\"@type\":\"SearchAction\",\"target\":{\"@type\":\"EntryPoint\",\"urlTemplate\":\"https:\/\/almendrasmarti.com\/?s={search_term_string}\"},\"query-input\":\"required name=search_term_string\"}],\"inLanguage\":\"ca\"},{\"@type\":\"Organization\",\"@id\":\"https:\/\/almendrasmarti.com\/#organization\",\"name\":\"Almendras Mart\u00ed\",\"url\":\"https:\/\/almendrasmarti.com\/\",\"logo\":{\"@type\":\"ImageObject\",\"inLanguage\":\"ca\",\"@id\":\"https:\/\/almendrasmarti.com\/#\/schema\/logo\/image\/\",\"url\":\"https:\/\/almendrasmarti.com\/wp-content\/uploads\/2023\/06\/Screenshot_1-removebg-preview.png\",\"contentUrl\":\"https:\/\/almendrasmarti.com\/wp-content\/uploads\/2023\/06\/Screenshot_1-removebg-preview.png\",\"width\":499,\"height\":500,\"caption\":\"Almendras Mart\u00ed\"},\"image\":{\"@id\":\"https:\/\/almendrasmarti.com\/#\/schema\/logo\/image\/\"}}]}<\/script>\n<!-- \/ Yoast SEO plugin. -->","yoast_head_json":{"title":"Pol\u00edtica de cookies - Almendras Mart\u00ed","robots":{"index":"index","follow":"follow","max-snippet":"max-snippet:-1","max-image-preview":"max-image-preview:large","max-video-preview":"max-video-preview:-1"},"canonical":"https:\/\/almendrasmarti.com\/ca\/politica-de-cookies\/","og_locale":"ca_ES","og_type":"article","og_title":"Pol\u00edtica de cookies - Almendras Mart\u00ed","og_url":"https:\/\/almendrasmarti.com\/ca\/politica-de-cookies\/","og_site_name":"Almendras Mart\u00ed","article_modified_time":"2025-05-14T07:29:03+00:00","twitter_card":"summary_large_image","twitter_misc":{"Temps estimat de lectura":"10 minuts"},"schema":{"@context":"https:\/\/schema.org","@graph":[{"@type":"WebPage","@id":"https:\/\/almendrasmarti.com\/ca\/politica-de-cookies\/","url":"https:\/\/almendrasmarti.com\/ca\/politica-de-cookies\/","name":"Pol\u00edtica de cookies - Almendras Mart\u00ed","isPartOf":{"@id":"https:\/\/almendrasmarti.com\/#website"},"datePublished":"2022-11-15T16:05:29+00:00","dateModified":"2025-05-14T07:29:03+00:00","breadcrumb":{"@id":"https:\/\/almendrasmarti.com\/ca\/politica-de-cookies\/#breadcrumb"},"inLanguage":"ca","potentialAction":[{"@type":"ReadAction","target":["https:\/\/almendrasmarti.com\/ca\/politica-de-cookies\/"]}]},{"@type":"BreadcrumbList","@id":"https:\/\/almendrasmarti.com\/ca\/politica-de-cookies\/#breadcrumb","itemListElement":[{"@type":"ListItem","position":1,"name":"Portada","item":"https:\/\/almendrasmarti.com\/ca\/"},{"@type":"ListItem","position":2,"name":"Pol\u00edtica de cookies"}]},{"@type":"WebSite","@id":"https:\/\/almendrasmarti.com\/#website","url":"https:\/\/almendrasmarti.com\/","name":"Almendras Mart\u00ed","description":"Health for the World","publisher":{"@id":"https:\/\/almendrasmarti.com\/#organization"},"potentialAction":[{"@type":"SearchAction","target":{"@type":"EntryPoint","urlTemplate":"https:\/\/almendrasmarti.com\/?s={search_term_string}"},"query-input":"required name=search_term_string"}],"inLanguage":"ca"},{"@type":"Organization","@id":"https:\/\/almendrasmarti.com\/#organization","name":"Almendras Mart\u00ed","url":"https:\/\/almendrasmarti.com\/","logo":{"@type":"ImageObject","inLanguage":"ca","@id":"https:\/\/almendrasmarti.com\/#\/schema\/logo\/image\/","url":"https:\/\/almendrasmarti.com\/wp-content\/uploads\/2023\/06\/Screenshot_1-removebg-preview.png","contentUrl":"https:\/\/almendrasmarti.com\/wp-content\/uploads\/2023\/06\/Screenshot_1-removebg-preview.png","width":499,"height":500,"caption":"Almendras Mart\u00ed"},"image":{"@id":"https:\/\/almendrasmarti.com\/#\/schema\/logo\/image\/"}}]}},"jetpack_sharing_enabled":true,"_links":{"self":[{"href":"https:\/\/almendrasmarti.com\/ca\/wp-json\/wp\/v2\/pages\/3486","targetHints":{"allow":["GET"]}}],"collection":[{"href":"https:\/\/almendrasmarti.com\/ca\/wp-json\/wp\/v2\/pages"}],"about":[{"href":"https:\/\/almendrasmarti.com\/ca\/wp-json\/wp\/v2\/types\/page"}],"author":[{"embeddable":true,"href":"https:\/\/almendrasmarti.com\/ca\/wp-json\/wp\/v2\/users\/1"}],"replies":[{"embeddable":true,"href":"https:\/\/almendrasmarti.com\/ca\/wp-json\/wp\/v2\/comments?post=3486"}],"version-history":[{"count":17,"href":"https:\/\/almendrasmarti.com\/ca\/wp-json\/wp\/v2\/pages\/3486\/revisions"}],"predecessor-version":[{"id":7013,"href":"https:\/\/almendrasmarti.com\/ca\/wp-json\/wp\/v2\/pages\/3486\/revisions\/7013"}],"wp:attachment":[{"href":"https:\/\/almendrasmarti.com\/ca\/wp-json\/wp\/v2\/media?parent=3486"}],"curies":[{"name":"wp","href":"https:\/\/api.w.org\/{rel}","templated":true}]}}