{"id":3482,"date":"2022-11-15T16:56:02","date_gmt":"2022-11-15T15:56:02","guid":{"rendered":"https:\/\/ametllesmarti.com\/politica-de-privacidad\/"},"modified":"2025-05-14T08:05:39","modified_gmt":"2025-05-14T07:05:39","slug":"politica-de-privacitat","status":"publish","type":"page","link":"https:\/\/almendrasmarti.com\/ca\/politica-de-privacitat\/","title":{"rendered":"Pol\u00edtica de privacitat"},"content":{"rendered":"<p><div class=\"fusion-fullwidth fullwidth-box fusion-builder-row-1 fusion-flex-container has-pattern-background has-mask-background fusion-parallax-none hundred-percent-fullwidth non-hundred-percent-height-scrolling\" style=\"background-color: rgba(0,0,0,0.53);background-image: url(&quot;https:\/\/almendrasmarti.com\/wp-content\/uploads\/2023\/06\/NRI_8679_2-scaled.jpg&quot;);background-position: center center;background-repeat: no-repeat;background-blend-mode: multiply;border-width: 0px 0px 0px 0px;border-color:var(--awb-color3);border-style:solid;-webkit-background-size:cover;-moz-background-size:cover;-o-background-size:cover;background-size:cover;\" ><div class=\"fusion-builder-row fusion-row fusion-flex-align-items-flex-start\" style=\"width:104% !important;max-width:104% !important;margin-left: calc(-4% \/ 2 );margin-right: calc(-4% \/ 2 );\"><\/div><style type=\"text\/css\">.fusion-body .fusion-flex-container.fusion-builder-row-1{ padding-top : 150px;margin-top : 0px;padding-right : 0px;padding-bottom : 0px;margin-bottom : 0px;padding-left : 0px;}<\/style><\/div><div class=\"fusion-fullwidth fullwidth-box fusion-builder-row-2 fusion-flex-container has-pattern-background has-mask-background nonhundred-percent-fullwidth non-hundred-percent-height-scrolling\" style=\"background-color: rgba(255,255,255,0);background-position: center center;background-repeat: no-repeat;border-width: 0px 0px 0px 0px;border-color:var(--awb-color3);border-style:solid;\" ><div class=\"fusion-builder-row fusion-row fusion-flex-align-items-flex-start\" style=\"max-width:1248px;margin-left: calc(-4% \/ 2 );margin-right: calc(-4% \/ 2 );\"><div class=\"fusion-layout-column fusion_builder_column fusion-builder-column-0 fusion_builder_column_1_1 1_1 fusion-flex-column\"><div class=\"fusion-column-wrapper fusion-flex-justify-content-center fusion-content-layout-column\" style=\"background-position:left top;background-repeat:no-repeat;-webkit-background-size:cover;-moz-background-size:cover;-o-background-size:cover;background-size:cover;padding: 100px 0px 0px 0px;\"><style type=\"text\/css\">@media only screen and (max-width:1024px) {.fusion-title.fusion-title-1{margin-top:10px!important; margin-right:0px!important;margin-bottom:15px!important;margin-left:0px!important;}}@media only screen and (max-width:640px) {.fusion-title.fusion-title-1{margin-top:10px!important; margin-right:0px!important;margin-bottom:10px!important; margin-left:0px!important;}}<\/style><div class=\"fusion-title title fusion-title-1 sep-underline sep-solid fusion-title-text fusion-title-size-one\" style=\"border-bottom-color:var(--awb-color6);font-size:40px;margin-top:10px;margin-right:0px;margin-bottom:15px;margin-left:0px;\"><h1 class=\"title-heading-left md-text-align-center fusion-responsive-typography-calculated\" style=\"margin:0;font-size:1em;color:var(--awb-color4);--fontSize:40;line-height:var(--awb-typography1-line-height);\">Pol\u00edtica de privacitat<\/h1><\/div><\/div><style type=\"text\/css\">.fusion-body .fusion-builder-column-0{width:100% !important;margin-top : 0px;margin-bottom : 0px;}.fusion-builder-column-0 > .fusion-column-wrapper {padding-top : 100px !important;padding-right : 0px !important;margin-right : 0px;padding-bottom : 0px !important;padding-left : 0px !important;margin-left : 1.92%;}@media only screen and (max-width:1024px) {.fusion-body .fusion-builder-column-0{width:100% !important;order : 0;}.fusion-builder-column-0 > .fusion-column-wrapper {padding-top : 60px !important;padding-right : 10vw !important;margin-right : 0px;padding-bottom : 60px !important;padding-left : 10vw !important;margin-left : 1.92%;}}@media only screen and (max-width:640px) {.fusion-body .fusion-builder-column-0{width:100% !important;order : 0;}.fusion-builder-column-0 > .fusion-column-wrapper {padding-top : 30px !important;padding-right : 10% !important;margin-right : 1.92%;padding-bottom : 30px !important;padding-left : 10% !important;margin-left : 1.92%;}}<\/style><\/div><div class=\"fusion-layout-column fusion_builder_column fusion-builder-column-1 fusion_builder_column_1_1 1_1 fusion-flex-column\"><div class=\"fusion-column-wrapper fusion-flex-justify-content-center fusion-content-layout-column\" style=\"background-position:left top;background-repeat:no-repeat;-webkit-background-size:cover;-moz-background-size:cover;-o-background-size:cover;background-size:cover;background-color:var(--awb-color1);padding: 50px 0px 50px 0px;\"><div class=\"fusion-text fusion-text-1\" style=\"font-size:14px;\"><h5><strong>POL\u00cdTICA DE PRIVACITAT I PROTECCI\u00d3 DE DADES DEL LLOC WEB<\/strong><\/h5>\n<p>TRENCADORA D\u2019AMETLLES MART\u00cd S.L. \u00e9s una empresa on la transpar\u00e8ncia en la informaci\u00f3 \u00e9s fonamental per establir una relaci\u00f3 de confian\u00e7a amb les persones que formen el nostre projecte i amb els nostres prove\u00efdors i clients, sent la protecci\u00f3 de les dades personals de les persones que confien en nosaltres de vital import\u00e0ncia , per la qual cosa volem mitjan\u00e7ant aquesta Pol\u00edtica de privadesa i protecci\u00f3 de dades personals, informar-te de com recaptem i com tractem o utilitzem aquestes dades.<\/p>\n<p>En aquesta pol\u00edtica de privadesa i protecci\u00f3 de dades personals s&#8217;estableixen les bases sobre les quals TRENCADORA D&#8217;AMETLLES MART\u00cd S.L., amb domicili a Pol. Ind. Maials Partida Bassabona s\/n, 25179 Maials, (Lleida), tracta les dades de car\u00e0cter personal que volunt\u00e0riament ens faciliten els nostres usuaris a trav\u00e9s de la p\u00e0gina web.<\/p>\n<p>Aquesta Pol\u00edtica sempre ser\u00e0 aplicable quan es facilitin dades a TRENCADORA D&#8217;AMETLLES MART\u00cd S.L., el qual ser\u00e0 responsable de les vostres dades (Responsable del Tractament de les Dades), ia trav\u00e9s de qualsevol dels formularis de contacte o subscripci\u00f3 on es recullin dades de car\u00e0cter personal (nom, email, etc.).<\/p>\n<h5><strong>A QU\u00c8 ENS COMPROMETEM<\/strong><\/h5>\n<ul>\n<li>A respectar la privadesa dels nostres usuaris i tractar les dades personals amb el consentiment dels mateixos.<\/li>\n<li>A tractar les dades personals que estrictament necessitem per donar el servei sol\u00b7licitat, i tractar-les de forma segura i confidencial, prenent les mesures necess\u00e0ries per evitar-ne l&#8217;acc\u00e9s no autoritzat i l&#8217;\u00fas indegut.<\/li>\n<li>A no utilitzar les dades personals per a finalitats per a les quals no hem obtingut pr\u00e8viament el consentiment.<\/li>\n<li>A no donar les dades personals a tercers ni compartir-les.<\/li>\n<li>A conservar les dades personals durant el temps estrictament necessari per a la finalitat concreta per a la qual han estat proporcionades.<\/li>\n<\/ul>\n<h5><strong>QUINES DADES PERSONALS UTILITZEM<\/strong><\/h5>\n<p>A trav\u00e9s de la nostra p\u00e0gina web podem demanar dades personals per a diferents finalitats:<\/p>\n<ul>\n<li>Sol\u00b7licitud d&#8217;informaci\u00f3 per part de l&#8217;usuari<\/li>\n<li>Subscripci\u00f3 a newsletters<\/li>\n<li>Treballar amb nosaltres mitjan\u00e7ant l&#8217;enviament del curr\u00edculum<\/li>\n<\/ul>\n<p>Depenent de la finalitat per a la qual s&#8217;aporten les dades, seran requerides les dades estrictament necess\u00e0ries.<\/p>\n<p>\u00c9s important que l&#8217;usuari sigui conscient de les dades que aporta i la finalitat per a la qual ho fa perqu\u00e8 en el moment que les facilita, est\u00e0 acceptant que recopilem, emmagatzemem i fem servir aquestes dades per a la finalitat requerida, podent en qualsevol moment retirar el consentiment prestat per les vies oportunes sent el consentiment de linteressat la base legal i legitimaci\u00f3 per al tractament de les seves dades personals.<\/p>\n<h5><strong>EXACTITUD I VERACITAT DE LES DADES<\/strong><\/h5>\n<p>L&#8217;usuari, en aportar les dades requerides als formularis, \u00e9s l&#8217;\u00fanic responsable de la veracitat de les dades remeses, garantint i responent de l&#8217;exactitud, vig\u00e8ncia i autenticitat de les dades personals facilitades, comprometent-se a mantenir-les degudament actualitzades.<\/p>\n<h5><strong>QUINS DRETS T\u00c9 SOBRE LES DADES PERSONALS APORTADES<\/strong><\/h5>\n<p>Un cop aportades les dades personals tindr\u00e0 dret a:<\/p>\n<ul>\n<li>consultar qualsevol dubte i que se li informi de com fem servir les dades ia obtenir\u00a0<strong>ACC\u00c9S<\/strong>\u00a0als mateixos.<br \/>\nque es <strong>RECTIFIQUI<\/strong> o esborri la seva informaci\u00f3 oa imposar LIMITACIONS en el tractament de la mateixa.<\/li>\n<li><strong>CANCEL\u00b7LACI\u00d3<\/strong> de les dades.<\/li>\n<li><strong>OPOSAR-SE<\/strong> al tractament de les seves dades.<\/li>\n<li><strong>PORTABILITAT<\/strong>\u00a0de les dades.<\/li>\n<\/ul>\n<p>En qualsevol moment, podr\u00e0 exercitar aquests Drets, mitjan\u00e7ant un escrit i acreditant la seva personalitat dirigit a TRENCADORA D&#8217;AMETLLES MART\u00cd S.L., a Pol. Ind. Maials Partida Bassabona s\/n, 25179 Maials, (Lleida), oa trav\u00e9s de la direcci\u00f3 de correu electr\u00f2nic: <a href=\"mailto:info@almendrasmarti.com\" target=\"_blank\" rel=\"noopener\">info@almendrasmarti.com<\/a><\/p>\n<p>A m\u00e9s, podr\u00e0 presentar una reclamaci\u00f3 davant de l&#8217;autoritat de control, en aquest cas, l&#8217;Ag\u00e8ncia Espanyola de Protecci\u00f3 de Dades, si considera que el tractament de dades personals infringeix la legislaci\u00f3 aplicable.<\/p>\n<h5><strong>SEGURETAT I EMMAGATZEMATGE DE LES DADES<\/strong><\/h5>\n<p>Mantindrem les dades durant el temps estrictament necessari per a la prestaci\u00f3 del servei sol\u00b7licitat i mentre el titular no sol\u00b7licite la seua eliminaci\u00f3, adoptant les mesures adequades de car\u00e0cter t\u00e8cnic i organitzatiu contra el tractament no autoritzat o il\u00b7l\u00edcit i contra la seua p\u00e8rdua, destrucci\u00f3 o dany accidentals, fent tot el possible per protegir-los i mantenir-los de manera segura.<\/p>\n<h5><strong>QUINES DADES PERSONALS COMPARTIM AMB TERCERS<\/strong><\/h5>\n<p>No es preveuen cessions de dades excepte en aquells casos en qu\u00e8 hi hagi una obligaci\u00f3 legal. No hi ha previsi\u00f3 de transfer\u00e8ncies de dades internacionals.<\/p>\n<\/div><\/div><style type=\"text\/css\">.fusion-body .fusion-builder-column-1{width:100% !important;margin-top : 0px;margin-bottom : 0px;}.fusion-builder-column-1 > .fusion-column-wrapper {padding-top : 50px !important;padding-right : 0px !important;margin-right : 0px;padding-bottom : 50px !important;padding-left : 0px !important;margin-left : 0px;}@media only screen and (max-width:1024px) {.fusion-body .fusion-builder-column-1{width:83.333333333333% !important;order : 0;margin-bottom : 48px;}.fusion-builder-column-1 > .fusion-column-wrapper {margin-right : 0px;margin-left : 0px;}}@media only screen and (max-width:640px) {.fusion-body .fusion-builder-column-1{width:100% !important;order : 0;}.fusion-builder-column-1 > .fusion-column-wrapper {padding-top : 50px !important;padding-right : 10% !important;margin-right : 1.92%;padding-bottom : 10px !important;padding-left : 10% !important;margin-left : 1.92%;}}<\/style><\/div><\/div><style type=\"text\/css\">.fusion-body .fusion-flex-container.fusion-builder-row-2{ padding-top : 0px;margin-top : 0px;padding-right : 0px;padding-bottom : 0px;margin-bottom : 0px;padding-left : 0px;}@media only screen and (max-width:1024px) {.fusion-body .fusion-flex-container.fusion-builder-row-2{ padding-top : 72px;margin-top : 0px;padding-bottom : 72px;}}@media only screen and (max-width:640px) {.fusion-body .fusion-flex-container.fusion-builder-row-2{ padding-top : 0px;padding-right : 10%;padding-bottom : 0px;padding-left : 10%;}}<\/style><\/div><\/p>\n","protected":false},"excerpt":{"rendered":"","protected":false},"author":1,"featured_media":0,"parent":0,"menu_order":0,"comment_status":"closed","ping_status":"closed","template":"100-width.php","meta":{"footnotes":""},"class_list":["post-3482","page","type-page","status-publish","hentry"],"yoast_head":"<!-- This site is optimized with the Yoast SEO plugin v19.12 - https:\/\/yoast.com\/wordpress\/plugins\/seo\/ -->\n<title>Pol\u00edtica de privacitat - Almendras Mart\u00ed<\/title>\n<meta name=\"robots\" content=\"index, follow, max-snippet:-1, max-image-preview:large, max-video-preview:-1\" \/>\n<link rel=\"canonical\" href=\"https:\/\/almendrasmarti.com\/ca\/politica-de-privacitat\/\" \/>\n<meta property=\"og:locale\" content=\"ca_ES\" \/>\n<meta property=\"og:type\" content=\"article\" \/>\n<meta property=\"og:title\" content=\"Pol\u00edtica de privacitat - Almendras Mart\u00ed\" \/>\n<meta property=\"og:url\" content=\"https:\/\/almendrasmarti.com\/ca\/politica-de-privacitat\/\" \/>\n<meta property=\"og:site_name\" content=\"Almendras Mart\u00ed\" \/>\n<meta property=\"article:modified_time\" content=\"2025-05-14T07:05:39+00:00\" \/>\n<meta name=\"twitter:card\" content=\"summary_large_image\" \/>\n<meta name=\"twitter:label1\" content=\"Temps estimat de lectura\" \/>\n\t<meta name=\"twitter:data1\" content=\"7 minuts\" \/>\n<script type=\"application\/ld+json\" class=\"yoast-schema-graph\">{\"@context\":\"https:\/\/schema.org\",\"@graph\":[{\"@type\":\"WebPage\",\"@id\":\"https:\/\/almendrasmarti.com\/ca\/politica-de-privacitat\/\",\"url\":\"https:\/\/almendrasmarti.com\/ca\/politica-de-privacitat\/\",\"name\":\"Pol\u00edtica de privacitat - Almendras Mart\u00ed\",\"isPartOf\":{\"@id\":\"https:\/\/almendrasmarti.com\/#website\"},\"datePublished\":\"2022-11-15T15:56:02+00:00\",\"dateModified\":\"2025-05-14T07:05:39+00:00\",\"breadcrumb\":{\"@id\":\"https:\/\/almendrasmarti.com\/ca\/politica-de-privacitat\/#breadcrumb\"},\"inLanguage\":\"ca\",\"potentialAction\":[{\"@type\":\"ReadAction\",\"target\":[\"https:\/\/almendrasmarti.com\/ca\/politica-de-privacitat\/\"]}]},{\"@type\":\"BreadcrumbList\",\"@id\":\"https:\/\/almendrasmarti.com\/ca\/politica-de-privacitat\/#breadcrumb\",\"itemListElement\":[{\"@type\":\"ListItem\",\"position\":1,\"name\":\"Portada\",\"item\":\"https:\/\/almendrasmarti.com\/ca\/\"},{\"@type\":\"ListItem\",\"position\":2,\"name\":\"Pol\u00edtica de privacitat\"}]},{\"@type\":\"WebSite\",\"@id\":\"https:\/\/almendrasmarti.com\/#website\",\"url\":\"https:\/\/almendrasmarti.com\/\",\"name\":\"Almendras Mart\u00ed\",\"description\":\"Health for the World\",\"publisher\":{\"@id\":\"https:\/\/almendrasmarti.com\/#organization\"},\"potentialAction\":[{\"@type\":\"SearchAction\",\"target\":{\"@type\":\"EntryPoint\",\"urlTemplate\":\"https:\/\/almendrasmarti.com\/?s={search_term_string}\"},\"query-input\":\"required name=search_term_string\"}],\"inLanguage\":\"ca\"},{\"@type\":\"Organization\",\"@id\":\"https:\/\/almendrasmarti.com\/#organization\",\"name\":\"Almendras Mart\u00ed\",\"url\":\"https:\/\/almendrasmarti.com\/\",\"logo\":{\"@type\":\"ImageObject\",\"inLanguage\":\"ca\",\"@id\":\"https:\/\/almendrasmarti.com\/#\/schema\/logo\/image\/\",\"url\":\"https:\/\/almendrasmarti.com\/wp-content\/uploads\/2023\/06\/Screenshot_1-removebg-preview.png\",\"contentUrl\":\"https:\/\/almendrasmarti.com\/wp-content\/uploads\/2023\/06\/Screenshot_1-removebg-preview.png\",\"width\":499,\"height\":500,\"caption\":\"Almendras Mart\u00ed\"},\"image\":{\"@id\":\"https:\/\/almendrasmarti.com\/#\/schema\/logo\/image\/\"}}]}<\/script>\n<!-- \/ Yoast SEO plugin. -->","yoast_head_json":{"title":"Pol\u00edtica de privacitat - Almendras Mart\u00ed","robots":{"index":"index","follow":"follow","max-snippet":"max-snippet:-1","max-image-preview":"max-image-preview:large","max-video-preview":"max-video-preview:-1"},"canonical":"https:\/\/almendrasmarti.com\/ca\/politica-de-privacitat\/","og_locale":"ca_ES","og_type":"article","og_title":"Pol\u00edtica de privacitat - Almendras Mart\u00ed","og_url":"https:\/\/almendrasmarti.com\/ca\/politica-de-privacitat\/","og_site_name":"Almendras Mart\u00ed","article_modified_time":"2025-05-14T07:05:39+00:00","twitter_card":"summary_large_image","twitter_misc":{"Temps estimat de lectura":"7 minuts"},"schema":{"@context":"https:\/\/schema.org","@graph":[{"@type":"WebPage","@id":"https:\/\/almendrasmarti.com\/ca\/politica-de-privacitat\/","url":"https:\/\/almendrasmarti.com\/ca\/politica-de-privacitat\/","name":"Pol\u00edtica de privacitat - Almendras Mart\u00ed","isPartOf":{"@id":"https:\/\/almendrasmarti.com\/#website"},"datePublished":"2022-11-15T15:56:02+00:00","dateModified":"2025-05-14T07:05:39+00:00","breadcrumb":{"@id":"https:\/\/almendrasmarti.com\/ca\/politica-de-privacitat\/#breadcrumb"},"inLanguage":"ca","potentialAction":[{"@type":"ReadAction","target":["https:\/\/almendrasmarti.com\/ca\/politica-de-privacitat\/"]}]},{"@type":"BreadcrumbList","@id":"https:\/\/almendrasmarti.com\/ca\/politica-de-privacitat\/#breadcrumb","itemListElement":[{"@type":"ListItem","position":1,"name":"Portada","item":"https:\/\/almendrasmarti.com\/ca\/"},{"@type":"ListItem","position":2,"name":"Pol\u00edtica de privacitat"}]},{"@type":"WebSite","@id":"https:\/\/almendrasmarti.com\/#website","url":"https:\/\/almendrasmarti.com\/","name":"Almendras Mart\u00ed","description":"Health for the World","publisher":{"@id":"https:\/\/almendrasmarti.com\/#organization"},"potentialAction":[{"@type":"SearchAction","target":{"@type":"EntryPoint","urlTemplate":"https:\/\/almendrasmarti.com\/?s={search_term_string}"},"query-input":"required name=search_term_string"}],"inLanguage":"ca"},{"@type":"Organization","@id":"https:\/\/almendrasmarti.com\/#organization","name":"Almendras Mart\u00ed","url":"https:\/\/almendrasmarti.com\/","logo":{"@type":"ImageObject","inLanguage":"ca","@id":"https:\/\/almendrasmarti.com\/#\/schema\/logo\/image\/","url":"https:\/\/almendrasmarti.com\/wp-content\/uploads\/2023\/06\/Screenshot_1-removebg-preview.png","contentUrl":"https:\/\/almendrasmarti.com\/wp-content\/uploads\/2023\/06\/Screenshot_1-removebg-preview.png","width":499,"height":500,"caption":"Almendras Mart\u00ed"},"image":{"@id":"https:\/\/almendrasmarti.com\/#\/schema\/logo\/image\/"}}]}},"jetpack_sharing_enabled":true,"_links":{"self":[{"href":"https:\/\/almendrasmarti.com\/ca\/wp-json\/wp\/v2\/pages\/3482","targetHints":{"allow":["GET"]}}],"collection":[{"href":"https:\/\/almendrasmarti.com\/ca\/wp-json\/wp\/v2\/pages"}],"about":[{"href":"https:\/\/almendrasmarti.com\/ca\/wp-json\/wp\/v2\/types\/page"}],"author":[{"embeddable":true,"href":"https:\/\/almendrasmarti.com\/ca\/wp-json\/wp\/v2\/users\/1"}],"replies":[{"embeddable":true,"href":"https:\/\/almendrasmarti.com\/ca\/wp-json\/wp\/v2\/comments?post=3482"}],"version-history":[{"count":6,"href":"https:\/\/almendrasmarti.com\/ca\/wp-json\/wp\/v2\/pages\/3482\/revisions"}],"predecessor-version":[{"id":3484,"href":"https:\/\/almendrasmarti.com\/ca\/wp-json\/wp\/v2\/pages\/3482\/revisions\/3484"}],"wp:attachment":[{"href":"https:\/\/almendrasmarti.com\/ca\/wp-json\/wp\/v2\/media?parent=3482"}],"curies":[{"name":"wp","href":"https:\/\/api.w.org\/{rel}","templated":true}]}}