{"id":3443,"date":"2022-11-24T10:50:48","date_gmt":"2022-11-24T09:50:48","guid":{"rendered":"https:\/\/ametllesmarti.com\/aviso-legal\/"},"modified":"2025-05-13T12:06:38","modified_gmt":"2025-05-13T11:06:38","slug":"avis-legal","status":"publish","type":"page","link":"https:\/\/almendrasmarti.com\/ca\/avis-legal\/","title":{"rendered":"Av\u00eds legal"},"content":{"rendered":"<p><div class=\"fusion-fullwidth fullwidth-box fusion-builder-row-1 fusion-flex-container has-pattern-background has-mask-background fusion-parallax-none hundred-percent-fullwidth non-hundred-percent-height-scrolling\" style=\"background-color: rgba(0,0,0,0.53);background-image: url(&quot;https:\/\/almendrasmarti.com\/wp-content\/uploads\/2023\/06\/NRI_8679_2-scaled.jpg&quot;);background-position: center center;background-repeat: no-repeat;background-blend-mode: multiply;border-width: 0px 0px 0px 0px;border-color:var(--awb-color3);border-style:solid;-webkit-background-size:cover;-moz-background-size:cover;-o-background-size:cover;background-size:cover;\" ><div class=\"fusion-builder-row fusion-row fusion-flex-align-items-flex-start\" style=\"width:104% !important;max-width:104% !important;margin-left: calc(-4% \/ 2 );margin-right: calc(-4% \/ 2 );\"><\/div><style type=\"text\/css\">.fusion-body .fusion-flex-container.fusion-builder-row-1{ padding-top : 150px;margin-top : 0px;padding-right : 0px;padding-bottom : 0px;margin-bottom : 0px;padding-left : 0px;}<\/style><\/div><div class=\"fusion-fullwidth fullwidth-box fusion-builder-row-2 fusion-flex-container has-pattern-background has-mask-background nonhundred-percent-fullwidth non-hundred-percent-height-scrolling\" style=\"background-color: rgba(255,255,255,0);background-position: center center;background-repeat: no-repeat;border-width: 0px 0px 0px 0px;border-color:var(--awb-color3);border-style:solid;\" ><div class=\"fusion-builder-row fusion-row fusion-flex-align-items-flex-start\" style=\"max-width:1248px;margin-left: calc(-4% \/ 2 );margin-right: calc(-4% \/ 2 );\"><div class=\"fusion-layout-column fusion_builder_column fusion-builder-column-0 fusion_builder_column_1_1 1_1 fusion-flex-column\"><div class=\"fusion-column-wrapper fusion-flex-justify-content-center fusion-content-layout-column\" style=\"background-position:left top;background-repeat:no-repeat;-webkit-background-size:cover;-moz-background-size:cover;-o-background-size:cover;background-size:cover;padding: 100px 0px 0px 0px;\"><style type=\"text\/css\">@media only screen and (max-width:1024px) {.fusion-title.fusion-title-1{margin-top:10px!important; margin-right:0px!important;margin-bottom:15px!important;margin-left:0px!important;}}@media only screen and (max-width:640px) {.fusion-title.fusion-title-1{margin-top:10px!important; margin-right:0px!important;margin-bottom:10px!important; margin-left:0px!important;}}<\/style><div class=\"fusion-title title fusion-title-1 sep-underline sep-solid fusion-title-text fusion-title-size-one\" style=\"border-bottom-color:var(--awb-color6);font-size:40px;margin-top:10px;margin-right:0px;margin-bottom:15px;margin-left:0px;\"><h1 class=\"title-heading-left md-text-align-center fusion-responsive-typography-calculated\" style=\"margin:0;font-size:1em;color:var(--awb-color4);--fontSize:40;line-height:var(--awb-typography1-line-height);\">Av\u00eds legal<\/h1><\/div><\/div><style type=\"text\/css\">.fusion-body .fusion-builder-column-0{width:100% !important;margin-top : 0px;margin-bottom : 0px;}.fusion-builder-column-0 > .fusion-column-wrapper {padding-top : 100px !important;padding-right : 0px !important;margin-right : 0px;padding-bottom : 0px !important;padding-left : 0px !important;margin-left : 1.92%;}@media only screen and (max-width:1024px) {.fusion-body .fusion-builder-column-0{width:100% !important;order : 0;}.fusion-builder-column-0 > .fusion-column-wrapper {padding-top : 60px !important;padding-right : 10vw !important;margin-right : 0px;padding-bottom : 60px !important;padding-left : 10vw !important;margin-left : 1.92%;}}@media only screen and (max-width:640px) {.fusion-body .fusion-builder-column-0{width:100% !important;order : 0;}.fusion-builder-column-0 > .fusion-column-wrapper {padding-top : 30px !important;padding-right : 10% !important;margin-right : 1.92%;padding-bottom : 30px !important;padding-left : 10% !important;margin-left : 1.92%;}}<\/style><\/div><div class=\"fusion-layout-column fusion_builder_column fusion-builder-column-1 fusion_builder_column_1_1 1_1 fusion-flex-column\"><div class=\"fusion-column-wrapper fusion-flex-justify-content-center fusion-content-layout-column\" style=\"background-position:left top;background-repeat:no-repeat;-webkit-background-size:cover;-moz-background-size:cover;-o-background-size:cover;background-size:cover;background-color:var(--awb-color1);padding: 50px 00px 50px 0px;\"><div class=\"fusion-text fusion-text-1\" style=\"font-size:14px;\"><h5><strong>AV\u00cdS LEGAL LSSI \u2013 CE<\/strong><\/h5>\n<p>En compliment de la Llei 34\/2002, de 11 de juliol, de Serveis de la Societat de la Informaci\u00f3 i de Comer\u00e7 Electr\u00f2nic (LSSI-CE), l&#8217;entitat TRENCADORA D\u2019AMETLLES MART\u00cd S.L. us informa que \u00e9s titular del lloc web. D&#8217;acord amb l&#8217;exig\u00e8ncia de l&#8217;article 10 de la Llei esmentada, informa de les dades seg\u00fcents:<\/p>\n<p>El titular d&#8217;aquest lloc web \u00e9s: TRENCADORA D\u2019AMETLLES MART\u00cd S.L.<br \/>\nNIF: B25408477<br \/>\nDomicili social: Pol. Ind. Maials Partida Bassabona s\/n, 25179 Maials, (Lleida)<br \/>\nCorreu electr\u00f2nic: info@almendrasmarti.com<br \/>\nDelegat de Protecci\u00f3 de Dades: Xavier Mascarilla Aguilar.<br \/>\nContacte DPD:\u00a0 Conxita Pi\u00f1ol Arest\u00e9.<\/p>\n<h5><strong>USUARIS<\/strong><\/h5>\n<p>L&#8217;acc\u00e9s i\/o \u00fas d&#8217;aquest portal us atribueix la condici\u00f3 d&#8217;USUARI, que accepta, des d&#8217;aquest acc\u00e9s i\/o \u00fas, les Condicions Generals d&#8217;\u00das reflectides aqu\u00ed. Les condicions esmentades s\u00f3n aplicables independentment de les condicions generals de contractaci\u00f3 que, si s&#8217;escau, resultin de compliment obligat.<\/p>\n<h5><strong>\u00daS DEL PORTAL<\/strong><\/h5>\n<p>La p\u00e0gina web proporciona l&#8217;acc\u00e9s a multitud d&#8217;informacions, serveis, programes o dades (d&#8217;ara endavant, els continguts) a Internet pertanyents a TRENCADORA D\u2019AMETLLES MART\u00cd S.L. o als seus llicenciants a qu\u00e8 l&#8217;USUARI pugui tenir acc\u00e9s. L\u00b4USUARI assumeix la responsabilitat de l\u00b4\u00fas del portal. Aquesta responsabilitat s&#8217;est\u00e9n al registre necessari per accedir a determinats serveis o continguts.<\/p>\n<p>En aquest registre, l&#8217;USUARI ser\u00e0 responsable d&#8217;aportar informaci\u00f3 vera\u00e7 i l\u00edcita. Com a conseq\u00fc\u00e8ncia d&#8217;aquest registre, a l&#8217;USUARI se li pot proporcionar una contrasenya de la qual ser\u00e0 responsable, comprometent-se a fer-ne un \u00fas diligent i confidencial. L&#8217;USUARI es compromet a fer un \u00fas adequat dels continguts i serveis que TRENCADORA D\u2019AMETLLES MART\u00cd S.L. ofereix a trav\u00e9s del seu portal i amb car\u00e0cter enunciatiu per\u00f2 no limitatiu, a no emprar-los per a:<\/p>\n<ol>\n<li>Inc\u00f3rrer en activitats il\u00b7l\u00edcites, il\u00b7legals o contr\u00e0ries a la bona fe ia l&#8217;ordre p\u00fablic<\/li>\n<li>Difondre continguts o propaganda de car\u00e0cter racista, xen\u00f2fob, pornogr\u00e0fic-il\u00b7legal, d&#8217;apologia del terrorisme o atemptatori contra els drets humans<\/li>\n<li>Provocar danys en els sistemes f\u00edsics i l\u00f2gics de CUD\u00d3S CONSULTORS, dels seus prove\u00efdors o de terceres persones, introduir o difondre a la xarxa virus inform\u00e0tics o qualssevol altres sistemes f\u00edsics o l\u00f2gics que siguin susceptibles de provocar els danys anteriorment esmentats;<\/li>\n<li>Intentar accedir i, si escau, utilitzar els comptes de correu electr\u00f2nic daltres usuaris i modificar manipular els seus missatges. TRENCADORA D\u2019AMETLLES MART\u00cd S.L. es reserva el dret de retirar tots aquells comentaris i aportacions que vulnerin el respecte a la dignitat de la persona, que siguin discriminatoris, xen\u00f2fobs, racistes, pornogr\u00e0fics, que atemptin contra la joventut o la inf\u00e0ncia, l&#8217;ordre o la seguretat p\u00fablica o que, a parer seu, no resultaran adequats per a la seva publicaci\u00f3. En qualsevol cas, TRENCADORA D\u2019AMETLLES MART\u00cd S.L. no ser\u00e0 responsable de les opinions abocades pels usuaris a trav\u00e9s dels f\u00f2rums, xats, o altres eines de participaci\u00f3.<\/li>\n<\/ol>\n<h5><strong>PROPIETAT INTEL\u00b7LECTUAL I INDUSTRIAL<\/strong><\/h5>\n<p>TRENCADORA D\u2019AMETLLES MART\u00cd S.L. ser\u00e0 titular de tots els drets de propietat intel\u00b7lectual i industrial de la seva p\u00e0gina web, aix\u00ed com dels elements continguts a la mateixa (a t\u00edtol enunciatiu, imatges, so, \u00e0udio, v\u00eddeo, programari o textos; marques o logotips, combinacions de colors, estructura i disseny, selecci\u00f3 de materials usats, programes dordinador necessaris per al seu funcionament, acc\u00e9s i \u00fas, etc.).<\/p>\n<p>Tots els drets reservats. En virtut del que disposen els articles 8 i 32.1, par\u00e0graf segon, de la Llei de propietat intel\u00b7lectual, queden expressament prohibides la reproducci\u00f3, la distribuci\u00f3 i la comunicaci\u00f3 p\u00fablica, inclosa la seva modalitat de posada a disposici\u00f3, de la totalitat o part dels continguts d&#8217;aquesta p\u00e0gina web, amb finalitats comercials, en qualsevol suport i per qualsevol mitj\u00e0 t\u00e8cnic, sense l&#8217;autoritzaci\u00f3 de TRENCADORA D&#8217;AMETLLES MART\u00cd S.L. S.L.. Podreu visualitzar els elements del portal i fins i tot imprimir-los, copiar-los i emmagatzemar-los al disc dur del vostre ordinador o en qualsevol altre suport f\u00edsic sempre que sigui, \u00fanica i exclusivament, per al seu \u00fas personal i privat. L&#8217;USUARI haur\u00e0 d&#8217;abstenir-se de suprimir, alterar, eludir o manipular qualsevol dispositiu de protecci\u00f3 o sistema de seguretat que estigu\u00e9s instal\u00b7lat a les p\u00e0gines de TRENCADORA D\u2019AMETLLES MART\u00cd S.L.<\/p>\n<h5><strong>EXCLUSI\u00d3 DE GARANTIES I RESPONSABILITAT<\/strong><\/h5>\n<p>TRENCADORA D\u2019AMETLLES MART\u00cd S.L. no es fa responsable, en cap cas, dels danys i perjudicis de qualsevol naturalesa que poguessin ocasionar, a t\u00edtol enunciatiu: errors o omissions en els continguts, manca de disponibilitat del portal o la transmissi\u00f3 de virus o programes maliciosos o lesius en els continguts, malgrat haver adoptat totes les mesures tecnol\u00f2giques necess\u00e0ries per evitar-ho.<\/p>\n<h5><strong>MODIFICACIONS<\/strong><\/h5>\n<p>TRENCADORA D\u2019AMETLLES MART\u00cd S.L. es reserva el dret d&#8217;efectuar sense previ av\u00eds les modificacions que consideri oportunes al seu portal, podent canviar, suprimir o afegir tant els continguts i serveis que es prestin a trav\u00e9s d&#8217;aquesta com la forma en qu\u00e8 aquests apareguin presentats o localitzats al portal.<\/p>\n<h5><strong>ENLLA\u00c7OS<\/strong><\/h5>\n<p>En cas que a la p\u00e0gina web es disposessin enlla\u00e7os o hipervincles feia altres llocs d&#8217;Internet, TRENCADORA D\u2019AMETLLES MART\u00cd S.L. no exercir\u00e0 cap tipus de control sobre aquests llocs i continguts. En cap cas TRENCADORA D\u2019AMETLLES MART\u00cd S.L. assumir\u00e0 cap responsabilitat pels continguts d&#8217;algun enlla\u00e7 pertanyent a un lloc web ali\u00e8, ni garantir\u00e0 la disponibilitat t\u00e8cnica, qualitat, fiabilitat, exactitud, amplitud, veracitat, validesa i constitucionalitat de qualsevol material o informaci\u00f3 continguda en cap d&#8217;aquests hipervincles o altres llocs d&#8217;Internet.<\/p>\n<p>Igualment, la inclusi\u00f3 d&#8217;aquestes connexions externes no implicar\u00e0 cap mena d&#8217;associaci\u00f3, fusi\u00f3 o participaci\u00f3 amb les entitats connectades.<\/p>\n<h5><strong>DRET D&#8217;EXCLUSI\u00d3<\/strong><\/h5>\n<p>TRENCADORA D\u2019AMETLLES MART\u00cd S.L. es reserva el dret a denegar o retirar l&#8217;acc\u00e9s a portal i\/o als serveis oferts sense necessitat de preav\u00eds, a inst\u00e0ncia pr\u00f2pia o d&#8217;un tercer, a aquells usuaris que incompleixin aquestes Condicions Generals d&#8217;\u00das.<\/p>\n<h5><strong>GENERALITATS<\/strong><\/h5>\n<p>TRENCADORA D\u2019AMETLLES MART\u00cd S.L. perseguir\u00e0 l&#8217;incompliment de les presents condicions, aix\u00ed com qualsevol utilitzaci\u00f3 indeguda del portal exercint totes les accions civils i penals que li puguin correspondre en dret.<\/p>\n<h5><strong>MODIFICACI\u00d3 DE LES PRESENTS CONDICIONS I DURADA<\/strong><\/h5>\n<p>TRENCADORA D\u2019AMETLLES MART\u00cd S.L. podr\u00e0 modificar en qualsevol moment les condicions aqu\u00ed determinades, sent degudament publicades com apareixen aqu\u00ed. La vig\u00e8ncia de les condicions esmentades anir\u00e0 en funci\u00f3 de la seva exposici\u00f3 i estaran vigents fins que siguin modificades per altres degudament publicades.<\/p>\n<h5><strong>LEGISLACI\u00d3 APLICABLE I JURISDICCI\u00d3<\/strong><\/h5>\n<p>La relaci\u00f3 entre TRENCADORA D\u2019AMETLLES MART\u00cd S.L. i l&#8217;USUARI es regir\u00e0 per la normativa espanyola vigent i qualsevol controv\u00e8rsia se sotmetr\u00e0 als jutjats i tribunals de la ciutat anteriorment indicada.<\/p>\n<\/div><\/div><style type=\"text\/css\">.fusion-body .fusion-builder-column-1{width:100% !important;margin-top : 0px;margin-bottom : 0px;}.fusion-builder-column-1 > .fusion-column-wrapper {padding-top : 50px !important;padding-right : 00px !important;margin-right : 0px;padding-bottom : 50px !important;padding-left : 0px !important;margin-left : 0px;}@media only screen and (max-width:1024px) {.fusion-body .fusion-builder-column-1{width:83.333333333333% !important;order : 0;margin-bottom : 48px;}.fusion-builder-column-1 > .fusion-column-wrapper {margin-right : 0px;margin-left : 0px;}}@media only screen and (max-width:640px) {.fusion-body .fusion-builder-column-1{width:100% !important;order : 0;}.fusion-builder-column-1 > .fusion-column-wrapper {padding-top : 50px !important;padding-right : 10% !important;margin-right : 1.92%;padding-bottom : 10px !important;padding-left : 10% !important;margin-left : 1.92%;}}<\/style><\/div><\/div><style type=\"text\/css\">.fusion-body .fusion-flex-container.fusion-builder-row-2{ padding-top : 0px;margin-top : 0px;padding-right : 0px;padding-bottom : 0px;margin-bottom : 0px;padding-left : 0px;}@media only screen and (max-width:1024px) {.fusion-body .fusion-flex-container.fusion-builder-row-2{ padding-top : 72px;margin-top : 0px;padding-bottom : 72px;}}@media only screen and (max-width:640px) {.fusion-body .fusion-flex-container.fusion-builder-row-2{ padding-top : 0px;padding-right : 10%;padding-bottom : 0px;padding-left : 10%;}}<\/style><\/div><\/p>\n","protected":false},"excerpt":{"rendered":"","protected":false},"author":1,"featured_media":0,"parent":0,"menu_order":0,"comment_status":"closed","ping_status":"closed","template":"100-width.php","meta":{"footnotes":""},"class_list":["post-3443","page","type-page","status-publish","hentry"],"yoast_head":"<!-- This site is optimized with the Yoast SEO plugin v19.12 - https:\/\/yoast.com\/wordpress\/plugins\/seo\/ -->\n<title>Av\u00eds legal - Almendras Mart\u00ed<\/title>\n<meta name=\"robots\" content=\"index, follow, max-snippet:-1, max-image-preview:large, max-video-preview:-1\" \/>\n<link rel=\"canonical\" href=\"https:\/\/almendrasmarti.com\/ca\/avis-legal\/\" \/>\n<meta property=\"og:locale\" content=\"ca_ES\" \/>\n<meta property=\"og:type\" content=\"article\" \/>\n<meta property=\"og:title\" content=\"Av\u00eds legal - Almendras Mart\u00ed\" \/>\n<meta property=\"og:url\" content=\"https:\/\/almendrasmarti.com\/ca\/avis-legal\/\" \/>\n<meta property=\"og:site_name\" content=\"Almendras Mart\u00ed\" \/>\n<meta property=\"article:modified_time\" content=\"2025-05-13T11:06:38+00:00\" \/>\n<meta name=\"twitter:card\" content=\"summary_large_image\" \/>\n<meta name=\"twitter:label1\" content=\"Temps estimat de lectura\" \/>\n\t<meta name=\"twitter:data1\" content=\"8 minuts\" \/>\n<script type=\"application\/ld+json\" class=\"yoast-schema-graph\">{\"@context\":\"https:\/\/schema.org\",\"@graph\":[{\"@type\":\"WebPage\",\"@id\":\"https:\/\/almendrasmarti.com\/ca\/avis-legal\/\",\"url\":\"https:\/\/almendrasmarti.com\/ca\/avis-legal\/\",\"name\":\"Av\u00eds legal - Almendras Mart\u00ed\",\"isPartOf\":{\"@id\":\"https:\/\/almendrasmarti.com\/#website\"},\"datePublished\":\"2022-11-24T09:50:48+00:00\",\"dateModified\":\"2025-05-13T11:06:38+00:00\",\"breadcrumb\":{\"@id\":\"https:\/\/almendrasmarti.com\/ca\/avis-legal\/#breadcrumb\"},\"inLanguage\":\"ca\",\"potentialAction\":[{\"@type\":\"ReadAction\",\"target\":[\"https:\/\/almendrasmarti.com\/ca\/avis-legal\/\"]}]},{\"@type\":\"BreadcrumbList\",\"@id\":\"https:\/\/almendrasmarti.com\/ca\/avis-legal\/#breadcrumb\",\"itemListElement\":[{\"@type\":\"ListItem\",\"position\":1,\"name\":\"Portada\",\"item\":\"https:\/\/almendrasmarti.com\/ca\/\"},{\"@type\":\"ListItem\",\"position\":2,\"name\":\"Av\u00eds legal\"}]},{\"@type\":\"WebSite\",\"@id\":\"https:\/\/almendrasmarti.com\/#website\",\"url\":\"https:\/\/almendrasmarti.com\/\",\"name\":\"Almendras Mart\u00ed\",\"description\":\"Health for the World\",\"publisher\":{\"@id\":\"https:\/\/almendrasmarti.com\/#organization\"},\"potentialAction\":[{\"@type\":\"SearchAction\",\"target\":{\"@type\":\"EntryPoint\",\"urlTemplate\":\"https:\/\/almendrasmarti.com\/?s={search_term_string}\"},\"query-input\":\"required name=search_term_string\"}],\"inLanguage\":\"ca\"},{\"@type\":\"Organization\",\"@id\":\"https:\/\/almendrasmarti.com\/#organization\",\"name\":\"Almendras Mart\u00ed\",\"url\":\"https:\/\/almendrasmarti.com\/\",\"logo\":{\"@type\":\"ImageObject\",\"inLanguage\":\"ca\",\"@id\":\"https:\/\/almendrasmarti.com\/#\/schema\/logo\/image\/\",\"url\":\"https:\/\/almendrasmarti.com\/wp-content\/uploads\/2023\/06\/Screenshot_1-removebg-preview.png\",\"contentUrl\":\"https:\/\/almendrasmarti.com\/wp-content\/uploads\/2023\/06\/Screenshot_1-removebg-preview.png\",\"width\":499,\"height\":500,\"caption\":\"Almendras Mart\u00ed\"},\"image\":{\"@id\":\"https:\/\/almendrasmarti.com\/#\/schema\/logo\/image\/\"}}]}<\/script>\n<!-- \/ Yoast SEO plugin. -->","yoast_head_json":{"title":"Av\u00eds legal - Almendras Mart\u00ed","robots":{"index":"index","follow":"follow","max-snippet":"max-snippet:-1","max-image-preview":"max-image-preview:large","max-video-preview":"max-video-preview:-1"},"canonical":"https:\/\/almendrasmarti.com\/ca\/avis-legal\/","og_locale":"ca_ES","og_type":"article","og_title":"Av\u00eds legal - Almendras Mart\u00ed","og_url":"https:\/\/almendrasmarti.com\/ca\/avis-legal\/","og_site_name":"Almendras Mart\u00ed","article_modified_time":"2025-05-13T11:06:38+00:00","twitter_card":"summary_large_image","twitter_misc":{"Temps estimat de lectura":"8 minuts"},"schema":{"@context":"https:\/\/schema.org","@graph":[{"@type":"WebPage","@id":"https:\/\/almendrasmarti.com\/ca\/avis-legal\/","url":"https:\/\/almendrasmarti.com\/ca\/avis-legal\/","name":"Av\u00eds legal - Almendras Mart\u00ed","isPartOf":{"@id":"https:\/\/almendrasmarti.com\/#website"},"datePublished":"2022-11-24T09:50:48+00:00","dateModified":"2025-05-13T11:06:38+00:00","breadcrumb":{"@id":"https:\/\/almendrasmarti.com\/ca\/avis-legal\/#breadcrumb"},"inLanguage":"ca","potentialAction":[{"@type":"ReadAction","target":["https:\/\/almendrasmarti.com\/ca\/avis-legal\/"]}]},{"@type":"BreadcrumbList","@id":"https:\/\/almendrasmarti.com\/ca\/avis-legal\/#breadcrumb","itemListElement":[{"@type":"ListItem","position":1,"name":"Portada","item":"https:\/\/almendrasmarti.com\/ca\/"},{"@type":"ListItem","position":2,"name":"Av\u00eds legal"}]},{"@type":"WebSite","@id":"https:\/\/almendrasmarti.com\/#website","url":"https:\/\/almendrasmarti.com\/","name":"Almendras Mart\u00ed","description":"Health for the World","publisher":{"@id":"https:\/\/almendrasmarti.com\/#organization"},"potentialAction":[{"@type":"SearchAction","target":{"@type":"EntryPoint","urlTemplate":"https:\/\/almendrasmarti.com\/?s={search_term_string}"},"query-input":"required name=search_term_string"}],"inLanguage":"ca"},{"@type":"Organization","@id":"https:\/\/almendrasmarti.com\/#organization","name":"Almendras Mart\u00ed","url":"https:\/\/almendrasmarti.com\/","logo":{"@type":"ImageObject","inLanguage":"ca","@id":"https:\/\/almendrasmarti.com\/#\/schema\/logo\/image\/","url":"https:\/\/almendrasmarti.com\/wp-content\/uploads\/2023\/06\/Screenshot_1-removebg-preview.png","contentUrl":"https:\/\/almendrasmarti.com\/wp-content\/uploads\/2023\/06\/Screenshot_1-removebg-preview.png","width":499,"height":500,"caption":"Almendras Mart\u00ed"},"image":{"@id":"https:\/\/almendrasmarti.com\/#\/schema\/logo\/image\/"}}]}},"jetpack_sharing_enabled":true,"_links":{"self":[{"href":"https:\/\/almendrasmarti.com\/ca\/wp-json\/wp\/v2\/pages\/3443","targetHints":{"allow":["GET"]}}],"collection":[{"href":"https:\/\/almendrasmarti.com\/ca\/wp-json\/wp\/v2\/pages"}],"about":[{"href":"https:\/\/almendrasmarti.com\/ca\/wp-json\/wp\/v2\/types\/page"}],"author":[{"embeddable":true,"href":"https:\/\/almendrasmarti.com\/ca\/wp-json\/wp\/v2\/users\/1"}],"replies":[{"embeddable":true,"href":"https:\/\/almendrasmarti.com\/ca\/wp-json\/wp\/v2\/comments?post=3443"}],"version-history":[{"count":11,"href":"https:\/\/almendrasmarti.com\/ca\/wp-json\/wp\/v2\/pages\/3443\/revisions"}],"predecessor-version":[{"id":7006,"href":"https:\/\/almendrasmarti.com\/ca\/wp-json\/wp\/v2\/pages\/3443\/revisions\/7006"}],"wp:attachment":[{"href":"https:\/\/almendrasmarti.com\/ca\/wp-json\/wp\/v2\/media?parent=3443"}],"curies":[{"name":"wp","href":"https:\/\/api.w.org\/{rel}","templated":true}]}}